{"id":107,"date":"2018-11-02T19:46:38","date_gmt":"2018-11-02T18:46:38","guid":{"rendered":"https:\/\/ubifo.wordpress.com\/?page_id=107"},"modified":"2025-11-05T07:43:04","modified_gmt":"2025-11-05T06:43:04","slug":"netzwerk-repositorienmanagerinnen-repmannet","status":"publish","type":"page","link":"https:\/\/ubifo.at\/en\/netzwerk-repositorienmanagerinnen-repmannet\/","title":{"rendered":"Netzwerk RepositorienmanagerInnen (RepManNet)"},"content":{"rendered":"<p>Das Netzwerk f\u00fcr RepositorienmanagerInnen (Repmannet) ist ein Zusammenschluss von Personen aus Institutionen in ganz \u00d6sterreich, die ein Repositorium betreuen und sich mit anderen \u00fcber Erfahrungen, Herausforderungen und Spezialthemen austauschen m\u00f6chten. Gegr\u00fcndet wurde das Netzwerk im Herbst 2016 von Mag. Dr. Susanne Blumesberger, MSc, Leiterin der Abteilung Repositorienmanagement PHAIDRA-Services an der Universit\u00e4tsbibliothek Wien.<br \/>\nEs finden regelm\u00e4\u00dfige Treffen mit Schwerpunktthemen an wechselnden Orten statt. Eine f\u00fcr alle Mitglieder offene Kommunikationsplattform bietet die M\u00f6glichkeit f\u00fcr die Bereitstellung von weiteren Informationen.<\/p>\n<p><em>Kontakt: <a href=\"mailto:info.repmannet@univie.ac.at\">info.repmannet@univie.ac.at<\/a><\/em><\/p>\n","protected":false},"excerpt":{"rendered":"<p>Das Netzwerk f\u00fcr RepositorienmanagerInnen (Repmannet) ist ein Zusammenschluss von Personen aus Institutionen in ganz \u00d6sterreich, die ein Repositorium betreuen und<\/p>\n","protected":false},"author":1,"featured_media":0,"parent":0,"menu_order":0,"comment_status":"closed","ping_status":"closed","template":"","meta":[],"_links":{"self":[{"href":"https:\/\/ubifo.at\/en\/wp-json\/wp\/v2\/pages\/107"}],"collection":[{"href":"https:\/\/ubifo.at\/en\/wp-json\/wp\/v2\/pages"}],"about":[{"href":"https:\/\/ubifo.at\/en\/wp-json\/wp\/v2\/types\/page"}],"author":[{"embeddable":true,"href":"https:\/\/ubifo.at\/en\/wp-json\/wp\/v2\/users\/1"}],"replies":[{"embeddable":true,"href":"https:\/\/ubifo.at\/en\/wp-json\/wp\/v2\/comments?post=107"}],"version-history":[{"count":5,"href":"https:\/\/ubifo.at\/en\/wp-json\/wp\/v2\/pages\/107\/revisions"}],"predecessor-version":[{"id":771,"href":"https:\/\/ubifo.at\/en\/wp-json\/wp\/v2\/pages\/107\/revisions\/771"}],"wp:attachment":[{"href":"https:\/\/ubifo.at\/en\/wp-json\/wp\/v2\/media?parent=107"}],"curies":[{"name":"wp","href":"https:\/\/api.w.org\/{rel}","templated":true}]}}