{"id":111,"date":"2018-11-02T19:48:17","date_gmt":"2018-11-02T18:48:17","guid":{"rendered":"https:\/\/ubifo.wordpress.com\/?page_id=111"},"modified":"2022-09-26T12:48:13","modified_gmt":"2022-09-26T10:48:13","slug":"mitglieder-repmannet","status":"publish","type":"page","link":"https:\/\/ubifo.at\/en\/mitglieder-repmannet\/","title":{"rendered":"Mitglieder"},"content":{"rendered":"<p><strong>The following institutions are currently represented in the network:<\/strong><\/p>\n<h6>The repositories at the participating institutions either are already in service or are currently being established. We are updating this list continuously.<\/h6>\n<p><a href=\"https:\/\/www.akbild.ac.at\/Portal\/bibliothek\/repositorium\" target=\"_blank\" rel=\"noopener noreferrer\">Academy of Fine Arts Vienna Library<\/a><\/p>\n<p><a href=\"https:\/\/emedien.arbeiterkammer.at\/viewer\/akwien\/\" target=\"_blank\" rel=\"noopener noreferrer\">AK Bibliothek Wien<\/a><\/p>\n<p>Albertina Library<\/p>\n<p>Anton Bruckner Private University Upper Austria Library<\/p>\n<p>Austrian Academy of Sciences ePub<\/p>\n<p><a href=\"http:\/\/pubdb.ait.ac.at\/start.php?lang=1\/\" target=\"_blank\" rel=\"noopener noreferrer\">Austrian Institute of Technology<\/a><\/p>\n<p>Austrian National Library<\/p>\n<p>Austrian State Archives<\/p>\n<p><a href=\"http:\/\/digitale-bibliothek.belvedere.at\/viewer\/\" target=\"_blank\" rel=\"noopener noreferrer\">Belvedere Research Center Library<\/a><\/p>\n<p>Danube University Krems Library<\/p>\n<p>Federal Chancellery Republic of Austria<\/p>\n<p>Library International Institute for Applied Systems Analysis (IIASA)<br \/>\nIIASA Publications Repository\u00a0<a href=\"http:\/\/pure.iiasa.ac.at\/\" target=\"_blank\" rel=\"noopener noreferrer\">PURE<\/a><br \/>\nData Repository\u00a0<a href=\"http:\/\/dare.iiasa.ac.at\/\" target=\"_blank\" rel=\"noopener noreferrer\">DARE<\/a><\/p>\n<p><a href=\"https:\/\/pub.fh-campuswien.ac.at\/\" target=\"_blank\" rel=\"noopener noreferrer\">FH Campus Wien<\/a><\/p>\n<p><a href=\"https:\/\/opus.fhv.at\/home\" target=\"_blank\" rel=\"noopener noreferrer\">FH Vorarlberg<\/a><\/p>\n<p><a href=\"https:\/\/www.fwf.ac.at\/de\/service\/fwf-e-book-library\/\" target=\"_blank\" rel=\"noopener noreferrer\">FWF<\/a><\/p>\n<p>University of Graz<br \/>\n<a href=\"https:\/\/wissenschaftserbe.uni-graz.at\/\" target=\"_blank\" rel=\"noopener noreferrer\">Repository of Styrian cultural heritage<\/a><br \/>\n<a href=\"http:\/\/gams.uni-graz.at\/\" target=\"_blank\" rel=\"noopener noreferrer\">GAMS Humanities\u2019 Asset Management System<\/a><\/p>\n<p><a href=\"https:\/\/inis.iaea.org\/search\/\" target=\"_blank\" rel=\"noopener noreferrer\">IAEA<\/a><\/p>\n<p>Institute for Advanced Studies (IHS) Library<\/p>\n<p><a href=\"https:\/\/research-explorer.app.ist.ac.at\/\" target=\"_blank\" rel=\"noopener noreferrer\">IST Austria Library<\/a><\/p>\n<p>Library FH JOANNEUM University of Applied Sciences<\/p>\n<p><a href=\"https:\/\/phaidra.fhstp.ac.at\/\" target=\"_blank\" rel=\"noopener noreferrer\">Library St. P\u00f6lten University of Applied Sciences<\/a><\/p>\n<p>Library Webster Vienna Private University<\/p>\n<p>MAK \u2013 Library and Works on Paper Collection<\/p>\n<p><a href=\"https:\/\/repository.moz.ac.at\/\" target=\"_blank\" rel=\"noopener noreferrer\">Mozarteum University Library Salzburg<\/a><\/p>\n<p>National Library of Liechtenstein<\/p>\n<p>OBVSG<\/p>\n<p><a href=\"https:\/\/www.tuwien.at\/en\/library\/\" target=\"_blank\" rel=\"noopener noreferrer\">TU Wien Library<\/a><\/p>\n<p><a href=\"https:\/\/repositorium.meduniwien.ac.at\/\" target=\"_blank\" rel=\"noopener noreferrer\">Universit\u00e4tsbibliothek der Medizinischen Universit\u00e4t Wien<\/a><\/p>\n<p><a href=\"http:\/\/epub.boku.ac.at\/\" target=\"_blank\" rel=\"noopener noreferrer\">Universit\u00e4tsbibliothek Universit\u00e4t f\u00fcr Bodenkultur Wien<\/a><\/p>\n<p><a href=\"http:\/\/unipub.uni-graz.at\/\" target=\"_blank\" rel=\"noopener noreferrer\">University Library Graz<\/a><\/p>\n<p><a href=\"https:\/\/diglib.uibk.ac.at\/\" target=\"_blank\" rel=\"noopener noreferrer\">University Library Innsbruck<\/a><\/p>\n<p>University Library Karl Landsteiner Privatuniversit\u00e4t f\u00fcr Gesundheitswissenschaften Krems<\/p>\n<p><a href=\"https:\/\/netlibrary.aau.at\/\" target=\"_blank\" rel=\"noopener noreferrer\">University Library Klagenfurt<\/a><\/p>\n<p><a href=\"http:\/\/epub.jku.at\/\" target=\"_blank\" rel=\"noopener noreferrer\">University Library Linz<\/a><\/p>\n<p><a href=\"http:\/\/eplus.uni-salzburg.at\/\" target=\"_blank\" rel=\"noopener noreferrer\">University Library Salzburg<\/a><\/p>\n<p>University Library Vienna<br \/>\n<a href=\"https:\/\/data.aussda.at\/\" target=\"_blank\" rel=\"noopener noreferrer\">Repository AUSSDA<\/a><br \/>\n<a href=\"http:\/\/othes.univie.ac.at\/\" target=\"_blank\" rel=\"noopener noreferrer\">Repository u:thesis<\/a><br \/>\n<a href=\"https:\/\/phaidra.univie.ac.at\/\" target=\"_blank\" rel=\"noopener noreferrer\">Repository Phaidra<\/a><br \/>\n<a href=\"https:\/\/uscholar.univie.ac.at\/\" target=\"_blank\" rel=\"noopener noreferrer\">Repository u:scholar<\/a><\/p>\n<p><a href=\"https:\/\/pub.mdw.ac.at\/\" target=\"_blank\" rel=\"noopener noreferrer\">University of Music and Performing Arts Vienna Library<\/a><\/p>\n<p><a href=\"https:\/\/digi.landesbibliothek.at\/viewer\/\" target=\"_blank\" rel=\"noopener noreferrer\">Upper Austrian Regional Library<\/a><\/p>\n<p>Vienna University Computer Center<\/p>\n<p><a href=\"http:\/\/epub.wu.ac.at\/\" target=\"_blank\" rel=\"noopener noreferrer\">Vienna University of Economics and Business<\/a><\/p>\n<p><a href=\"https:\/\/pid.volare.vorarlberg.at\/\" target=\"_blank\" rel=\"noopener noreferrer\">Vorarlberger Landesbibliothek<\/a><\/p>\n<p><a href=\"https:\/\/www.digital.wienbibliothek.at\/\" target=\"_blank\" rel=\"noopener noreferrer\">Wienbibliothek im Rathaus<\/a><\/p>\n<p><em>There are regular meetings on key topics with representatives from the participating institutions.<\/em><\/p>\n","protected":false},"excerpt":{"rendered":"<p>The following institutions are currently represented in the network: The repositories at the participating institutions either are already in service<\/p>\n","protected":false},"author":1,"featured_media":0,"parent":0,"menu_order":0,"comment_status":"closed","ping_status":"closed","template":"","meta":[],"_links":{"self":[{"href":"https:\/\/ubifo.at\/en\/wp-json\/wp\/v2\/pages\/111"}],"collection":[{"href":"https:\/\/ubifo.at\/en\/wp-json\/wp\/v2\/pages"}],"about":[{"href":"https:\/\/ubifo.at\/en\/wp-json\/wp\/v2\/types\/page"}],"author":[{"embeddable":true,"href":"https:\/\/ubifo.at\/en\/wp-json\/wp\/v2\/users\/1"}],"replies":[{"embeddable":true,"href":"https:\/\/ubifo.at\/en\/wp-json\/wp\/v2\/comments?post=111"}],"version-history":[{"count":12,"href":"https:\/\/ubifo.at\/en\/wp-json\/wp\/v2\/pages\/111\/revisions"}],"predecessor-version":[{"id":522,"href":"https:\/\/ubifo.at\/en\/wp-json\/wp\/v2\/pages\/111\/revisions\/522"}],"wp:attachment":[{"href":"https:\/\/ubifo.at\/en\/wp-json\/wp\/v2\/media?parent=111"}],"curies":[{"name":"wp","href":"https:\/\/api.w.org\/{rel}","templated":true}]}}