{"id":52,"date":"2018-10-30T14:17:56","date_gmt":"2018-10-30T13:17:56","guid":{"rendered":"https:\/\/ubifo.wordpress.com\/?page_id=52"},"modified":"2022-05-10T12:27:49","modified_gmt":"2022-05-10T10:27:49","slug":"downloads","status":"publish","type":"page","link":"https:\/\/ubifo.at\/en\/downloads\/","title":{"rendered":"Downloads"},"content":{"rendered":"<h3 class=\"ueberschrift\"><strong>ubifo Sammelband<\/strong><\/h3>\n<p>Online in E-LIS: Schriften der Vereinigung \u00d6sterreichischer Bibliothekarinnen und Bibliothekare 13<\/p>\n<p><strong><span class=\"bold\">Inhalt<br \/>\n<\/span><\/strong><span class=\"text\"><a class=\"text\" href=\"http:\/\/eprints.rclis.org\/24275\/\" target=\"_blank\" rel=\"noopener noreferrer\">Einleitung<\/a> <\/span><span class=\"italic\">(Bruno Bauer, Christian Gumpenberger und Robert Schiller)<br \/>\n<\/span><strong><span class=\"bold\">A) Forum Universit\u00e4tsbibliotheken \u00d6sterreichs (ubifo)<br \/>\n<\/span><\/strong><span class=\"italic\">Bruno Bauer und Robert Schiller: <\/span><span class=\"text\"><a class=\"text\" href=\"http:\/\/eprints.rclis.org\/24376\/\" target=\"_blank\" rel=\"noopener noreferrer\">Forum Universit\u00e4tsbibliotheken \u00d6sterreichs (ubifo) <\/a><br \/>\n<\/span><span class=\"italic\">Robert Schiller:<\/span><span class=\"text\"> <a class=\"text\" href=\"http:\/\/eprints.rclis.org\/24377\/\" target=\"_blank\" rel=\"noopener noreferrer\">Das Universit\u00e4tsgesetz 2002 und seine organisationsrechtlichen Auswirkungen auf die Universit\u00e4tsbibliotheken \u00d6sterreichs <\/a><br \/>\n<\/span><span class=\"italic\">Bruno Bauer: <\/span><a class=\"text\" href=\"http:\/\/eprints.rclis.org\/24278\/1\/UBIFO_2013_033_bauer_Kooperationen%20der%20\u00f6sterreichischen%20Universit\u00e4tsbibliotheken.pdf\" target=\"_blank\" rel=\"noopener noreferrer\">Kooperationen der \u00f6sterreichischen Universit\u00e4tsbibliotheken auf nationaler und internationaler Ebene <\/a><br \/>\n<strong>B) Aufgaben und Perspektiven der Universit\u00e4tsbibliotheken an \u00f6ffentlichen Universit\u00e4ten<\/strong><br \/>\n<span class=\"italic\">Eva Ramminger:<\/span> <a class=\"text\" href=\"http:\/\/eprints.rclis.org\/24279\/\" target=\"_blank\" rel=\"noopener noreferrer\">Die Universit\u00e4tsbibliothek als Dienstleister f\u00fcr Forschung und Lehre \u2013 Eine Gratwanderung zwischen analogen und digitalen Medienwelten <\/a><br \/>\n<span class=\"italic\">Ute Bergner und Werner Schlacher:<\/span> <a class=\"text\" href=\"http:\/\/eprints.rclis.org\/24280\/\" target=\"_blank\" rel=\"noopener noreferrer\">Universit\u00e4tsbibliotheken und ihr Verh\u00e4ltnis zur \u00d6ffentlichkeit<\/a><br \/>\n<span class=\"italic\">Hans Zotter:<\/span> <a class=\"text\" href=\"http:\/\/eprints.rclis.org\/24281\/\" target=\"_blank\" rel=\"noopener noreferrer\">Universit\u00e4tsbibliotheken an bundesstaatlichen Universit\u00e4ten in \u00d6sterreich \u2013 Die historischen Best\u00e4nde <\/a><br \/>\n<span class=\"italic\">Brigitte Kromp und Wolfgang Mayer:<\/span> <a class=\"text\" href=\"http:\/\/eprints.rclis.org\/24282\/\" target=\"_blank\" rel=\"noopener noreferrer\">Gemeinsame Archivierung an den Universit\u00e4tsbibliotheken \u2013 Neues Geld statt altem Ruhm <\/a><br \/>\n<span class=\"italic\">Wolfgang Nikolaus Rappert:<\/span><a class=\"text\" href=\"http:\/\/eprints.rclis.org\/24283\/\" target=\"_blank\" rel=\"noopener noreferrer\"> Bibliothek als Raum<\/a><br \/>\n<span class=\"italic\">Ulrike Kortschak:<\/span> <a class=\"text\" href=\"http:\/\/eprints.rclis.org\/24284\/\" target=\"_blank\" rel=\"noopener noreferrer\">Im Fadenkreuz \u2013 Bibliotheken und Urheberrecht im 21. Jahrhundert. Ein Paradigmenwechsel <\/a><br \/>\n<span class=\"italic\">Doris Sailer:<\/span> <a class=\"text\" href=\"http:\/\/eprints.rclis.org\/24285\/\" target=\"_blank\" rel=\"noopener noreferrer\">Kooperatives Arbeiten innerhalb der Universit\u00e4t leben \u2013 Praxisbeispiele der Universit\u00e4tsbibliothek der Medizinischen Universit\u00e4t Graz <\/a><br \/>\n<span class=\"italic\">Eva Bertha:<\/span> <a class=\"text\" href=\"http:\/\/eprints.rclis.org\/24286\/\" target=\"_blank\" rel=\"noopener noreferrer\">Bibliotheksautomation an \u00f6sterreichischen Universit\u00e4tsbibliotheken <\/a><br \/>\n<span class=\"italic\">Eveline Pipp:<\/span> <a class=\"text\" href=\"http:\/\/eprints.rclis.org\/24287\/\" target=\"_blank\" rel=\"noopener noreferrer\">Das E-Medien-Angebot \u00f6sterreichischer Universit\u00e4tsbibliotheken <\/a><br \/>\n<span class=\"italic\">Michaela Zemanek, Manuela Rohrmoser und Karin Lach:<\/span> <a class=\"text\" href=\"http:\/\/eprints.rclis.org\/24288\/\" target=\"_blank\" rel=\"noopener noreferrer\">Universit\u00e4tsbibliotheken in \u00d6sterreich als \u201eTeaching Libraries\u201c <\/a><br \/>\n<span class=\"italic\">Monika Schneider:<\/span> <a class=\"text\" href=\"http:\/\/eprints.rclis.org\/24289\/\" target=\"_blank\" rel=\"noopener noreferrer\">Bibliothekarische Ausbildung in \u00d6sterreich\u00a0<\/a><br \/>\n<strong>C) Neue Rollen f\u00fcr Universit\u00e4tsbibliotheken<br \/>\n<\/strong><span class=\"italic\">Beatrix Bastl:<\/span> <a class=\"text\" href=\"http:\/\/eprints.rclis.org\/24290\/\" target=\"_blank\" rel=\"noopener noreferrer\">Die Zuordnung der Universit\u00e4tsarchive an die Universit\u00e4tsbibliotheken<\/a><br \/>\n<span class=\"italic\">Ulrike Krie\u00dfmann:<\/span> <a class=\"text\" href=\"http:\/\/eprints.rclis.org\/24291\/\" target=\"_blank\" rel=\"noopener noreferrer\">Verlag der Technischen Universit\u00e4t Graz \u2013 Erweiterung des Serviceportfolios der Bibliothek <\/a><br \/>\n<span class=\"italic\">Guido Blechl und Susanne Blumesberger:<\/span> <a class=\"text\" href=\"http:\/\/eprints.rclis.org\/24292\/\" target=\"_blank\" rel=\"noopener noreferrer\">Open Access an \u00f6sterreichischen Universit\u00e4tsbibliotheken<\/a><br \/>\n<span class=\"italic\">Katharina Hasitzka, Juan Gorraiz und Christian Gumpenberger: <\/span><a class=\"text\" href=\"http:\/\/eprints.rclis.org\/24293\/\" target=\"_blank\" rel=\"noopener noreferrer\">Bibliometrie in \u00d6sterreich \u2013 Ein neues Aufgabenfeld f\u00fcr Bibliotheken <\/a><br \/>\n<span class=\"italic\">Stefan Alker und Markus Stumpf:<\/span> <a class=\"text\" href=\"http:\/\/eprints.rclis.org\/24294\/\" target=\"_blank\" rel=\"noopener noreferrer\">NS-Provenienzforschung an den \u00f6sterreichischen Universit\u00e4tsbibliotheken\u00a0<\/a><br \/>\n<strong>D) Die Universit\u00e4tsbibliotheken aus der Sicht bedeutender Kooperationspartner<\/strong><br \/>\n<span class=\"italic\">Peter Seitz:<\/span> <a class=\"text\" href=\"http:\/\/eprints.rclis.org\/24295\/\" target=\"_blank\" rel=\"noopener noreferrer\">Die Universit\u00e4tsbibliotheken aus der Perspektive des Bundesministeriums f\u00fcr Wissenschaft und Forschung <\/a><br \/>\n<span class=\"italic\">Wolfgang Hamedinger:<\/span> <a class=\"text\" href=\"http:\/\/eprints.rclis.org\/24296\/\" target=\"_blank\" rel=\"noopener noreferrer\">Der \u00d6sterreichische Bibliothekenverbund als Partner f\u00fcr die Universit\u00e4tsbibliotheken <\/a><br \/>\n<span class=\"italic\">Kerstin Stieg:<\/span> <a class=\"text\" href=\"http:\/\/eprints.rclis.org\/24297\/\" target=\"_blank\" rel=\"noopener noreferrer\">Die Kooperation E-Medien \u00d6sterreich als Partner f\u00fcr Universit\u00e4tsbibliotheken <\/a><br \/>\n<span class=\"italic\">Alfred Schmidt:<\/span> <a class=\"text\" href=\"http:\/\/eprints.rclis.org\/24298\/\" target=\"_blank\" rel=\"noopener noreferrer\">Kooperation der \u00d6sterreichischen Nationalbibliothek mit den Universit\u00e4ten\u00a0<\/a><br \/>\n<strong>E) Portr\u00e4ts der Universit\u00e4tsbibliotheken der \u00f6ffentlichen Universit\u00e4ten \u00d6sterreichs<\/strong><br \/>\n<span class=\"italic\">Ute Bergner und Werner Schlacher:<\/span> <a class=\"text\" href=\"http:\/\/eprints.rclis.org\/24299\/\" target=\"_blank\" rel=\"noopener noreferrer\">Universit\u00e4tsbibliothek der Karl-Franzens-Universit\u00e4t Graz <\/a><br \/>\n<span class=\"italic\">Ulrike Kortschak:<\/span> <a class=\"text\" href=\"http:\/\/eprints.rclis.org\/24300\/\" target=\"_blank\" rel=\"noopener noreferrer\">Bibliothek der Medizinischen Universit\u00e4t Graz<\/a><br \/>\n<span class=\"italic\">Gerlinde Maxl:<\/span> <a class=\"text\" href=\"http:\/\/eprints.rclis.org\/24301\/\" target=\"_blank\" rel=\"noopener noreferrer\">Universit\u00e4tsbibliothek und Archiv der Technischen Universit\u00e4t Graz<\/a><br \/>\n<span class=\"italic\">Robert Schiller: <\/span><a class=\"text\" href=\"http:\/\/eprints.rclis.org\/24302\/\" target=\"_blank\" rel=\"noopener noreferrer\">Universit\u00e4tsbibliothek der Kunstuniversit\u00e4t Graz <\/a><br \/>\n<span class=\"italic\">Monika Schneider:<\/span> <a class=\"text\" href=\"http:\/\/eprints.rclis.org\/24303\/\" target=\"_blank\" rel=\"noopener noreferrer\">Universit\u00e4ts- und Landesbibliothek Tirol<\/a><br \/>\n<span class=\"italic\">Lydia Zellacher:<\/span> <a class=\"text\" href=\"http:\/\/eprints.rclis.org\/24304\/\" target=\"_blank\" rel=\"noopener noreferrer\">Universit\u00e4tsbibliothek der Alpen-Adria-Universit\u00e4t Klagenfurt <\/a><br \/>\n<span class=\"italic\">Christian Hasenh\u00fcttl:<\/span> <a class=\"text\" href=\"http:\/\/eprints.rclis.org\/24305\/\" target=\"_blank\" rel=\"noopener noreferrer\">Universit\u00e4tsbibliothek und Archiv der Montanuniversit\u00e4t Leoben<\/a><br \/>\n<span class=\"italic\">Susanne Casagranda:<\/span> <a class=\"text\" href=\"http:\/\/eprints.rclis.org\/24306\/\" target=\"_blank\" rel=\"noopener noreferrer\">Universit\u00e4tsbibliothek der Johannes Kepler Universit\u00e4t Linz<\/a><br \/>\n<span class=\"italic\">Manfred Lechner:<\/span> <a class=\"text\" href=\"http:\/\/eprints.rclis.org\/24307\/\" target=\"_blank\" rel=\"noopener noreferrer\">Universit\u00e4tsbibliothek der Kunstuniversit\u00e4t Linz<\/a><br \/>\n<span class=\"italic\">Ursula Schachl-Raber, Susanna Graggaber und Irmgard Lahner:<\/span> <a class=\"text\" href=\"http:\/\/eprints.rclis.org\/24308\/\" target=\"_blank\" rel=\"noopener noreferrer\">Universit\u00e4tsbibliothek der Universit\u00e4t Salzburg <\/a><br \/>\n<span class=\"italic\">Manfred Kammerer:<\/span> <a class=\"text\" href=\"http:\/\/eprints.rclis.org\/24309\/\" target=\"_blank\" rel=\"noopener noreferrer\">Universit\u00e4tsbibliothek Mozarteum in Salzburg<\/a><br \/>\n<span class=\"italic\">Maria Seissl und Wolfgang Nikolaus Rappert:<\/span> <a class=\"text\" href=\"http:\/\/eprints.rclis.org\/24310\/\" target=\"_blank\" rel=\"noopener noreferrer\">Universit\u00e4t Wien, Dienstleistungseinrichtung Bibliotheks- und Archivwesen <\/a><br \/>\n<span class=\"italic\">Bruno Bauer:<\/span> <a class=\"text\" href=\"http:\/\/eprints.rclis.org\/24311\/\" target=\"_blank\" rel=\"noopener noreferrer\">Universit\u00e4tsbibliothek der Medizinischen Universit\u00e4t Wien<\/a><br \/>\n<span class=\"italic\">Eva Ramminger:<\/span> <a class=\"text\" href=\"http:\/\/eprints.rclis.org\/24312\/\" target=\"_blank\" rel=\"noopener noreferrer\">Universit\u00e4tsbibliothek der Technischen Universit\u00e4t Wien<\/a><br \/>\n<span class=\"italic\">Martina H\u00f6rl:<\/span> <a class=\"text\" href=\"http:\/\/eprints.rclis.org\/24313\/\" target=\"_blank\" rel=\"noopener noreferrer\">Universit\u00e4tsbibliothek und Universit\u00e4tsarchiv der Universit\u00e4t f\u00fcr Bodenkultur Wien<\/a><br \/>\n<span class=\"italic\">Doris Reinitzer: <\/span><a class=\"text\" href=\"http:\/\/eprints.rclis.org\/24314\/\" target=\"_blank\" rel=\"noopener noreferrer\">Universit\u00e4tsbibliothek der Veterin\u00e4rmedizinischen Universit\u00e4t Wien<\/a><br \/>\n<span class=\"italic\">Livia Neutsch und Nikolaus Berger:<\/span> <a class=\"text\" href=\"http:\/\/eprints.rclis.org\/24315\/\" target=\"_blank\" rel=\"noopener noreferrer\">Universit\u00e4tsbibliothek der Wirtschaftsuniversit\u00e4t Wien<\/a><br \/>\n<span class=\"italic\">Beatrix Bastl:<\/span> <a class=\"text\" href=\"http:\/\/eprints.rclis.org\/24316\/\" target=\"_blank\" rel=\"noopener noreferrer\">Universit\u00e4tsbibliothek der Akademie der bildenden K\u00fcnste Wien<\/a><br \/>\n<span class=\"italic\">Gabriele Jurjevec-Koller:<\/span> <a class=\"text\" href=\"http:\/\/eprints.rclis.org\/24317\/\" target=\"_blank\" rel=\"noopener noreferrer\">Universit\u00e4tsbibliothek der Universit\u00e4t f\u00fcr angewandte Kunst Wien<\/a><br \/>\n<span class=\"italic\">Michael Staudinger:<\/span> <a class=\"text\" href=\"http:\/\/eprints.rclis.org\/24318\/\" target=\"_blank\" rel=\"noopener noreferrer\">Universit\u00e4tsbibliothek der Universit\u00e4t f\u00fcr Musik und Darstellende Kunst Wien\u00a0<\/a><\/p>\n<h3><\/h3>\n<h3 class=\"ueberschrift\"><strong>Publikationen<\/strong><\/h3>\n<p class=\"text\"><a class=\"text\" href=\"http:\/\/eprints.rclis.org\/24717\/1\/06-Bauer_Bruno_Schiller_Robert_Das_Forum_der_Universitaetsbibliotheken_Oesterreichs.pdf\" target=\"_blank\" rel=\"noopener noreferrer\">Das Forum der Universit\u00e4tsbibliotheken \u00d6sterreichs (ubifo) und seine Vorg\u00e4ngergremien: Geschichte und Entwicklung der Kooperationen der Universit\u00e4tsbibliotheken >><\/a><\/p>\n<h3><\/h3>\n<h3><strong><span class=\"ueberschrift\">Berichte<\/span><\/strong><\/h3>\n<p><span class=\"bold\"><strong>Open Access Bestandsaufnahme an den \u00f6sterreichischen Universit\u00e4ten<\/strong> <\/span><br \/>\n<span class=\"italic\">Bericht \u00fcber die Ergebnisse einer Umfrage im Auftrag des Forums Universit\u00e4tsbibliotheken \u00d6sterreichs (ubifo)<\/span><\/p>\n<p>Die Online-Befragung erfolgte im Zeitraum Februar\/M\u00e4rz 2012. Der fertige Report wurde im April 2013 vorgelegt.<\/p>\n<p><span class=\"text\"><a class=\"text\" href=\"http:\/\/phaidra.univie.ac.at\/o:292559\" target=\"_blank\" rel=\"noopener noreferrer\">Link zu PHAIDRA-Dokument >><\/a><br \/>\n<\/span><\/p>\n<p><strong>Langzeitarchivierung an \u00f6sterreichischen Bibliotheken:<br \/>\n<\/strong><span class=\"text\"><em>Bericht \u00fcber die Problematik der Langzeitarchvierung digitaler Objekte an \u00f6sterreichischen Universit\u00e4tsbibliotheken<strong>;<\/strong> erstellt im Auftrag der Arbeitsgemeinschaft der BibliotheksdirektorInnen der \u00f6sterreichischen Universit\u00e4tsbibliotheken und der \u00d6sterreichischen Nationalbibliothek<br \/>\n(Wien, Feb. 2007)<br \/>\n<\/em><br \/>\n2006 wurde von der ARGE BibliotheksdirektorInnen eine Arbeitsgruppe damit beauftragt, einen Bericht \u00fcber den Status quo der Langzeitarchivierung an \u00f6sterreichischen Universit\u00e4tsbibliotheken zu erstellen und konkrete Vorschl\u00e4ge f\u00fcr Strategien und Projekte zu liefern; diese Studie wurde im Februar 2007 vorgelegt.<\/span><\/p>\n<p>Mitglieder der Arbeitsgruppe:<br \/>\nBruno Bauer (UBMUW), Elisabeth B\u00f6llmann (UBG), Georg Fessler (UBWUW), Hans Hrusa (UBTUW), Bettina Kann (\u00d6NB), Adelheid Mayer (UBW), Georg Stern-Erlebach (UBI), Johanna Totschnig (UBAKW).<\/p>\n<p><a class=\"text\" href=\"http:\/\/phaidra.univie.ac.at\/o:63607\" target=\"_blank\" rel=\"noopener noreferrer\">Link zu PHAIDRA-Dokument >><\/a><\/p>\n<p><span class=\"bold\"><br \/>\n<strong>Stellungnahme der \u00a0ARGE BibliotheksdirektorInnen zur Anfrage des Forums Budget der \u00d6sterreichischen Universit\u00e4tenkonferenz zum Thema &#8220;PAY-PER-USE ABKOMMEN MIT VERLAGEN&#8221; (inkl. Stellungnahme zur R\u00fcckfrage )<\/strong><\/span><\/p>\n<p><span class=\"text\">Aufgrund einer vom Forum Budget der \u00f6sterreichischen Universit\u00e4tenkonferenz 2009 an die ARGE BibliotheksdirektorInnen herangetragene Anfrage betreffend \u201ePay-per-use Abkommen mit Verlagen\u201c wurde von der ARGE eine Arbeitgsgruppe beauftragt, die Auswirkungen der verschiedenen Gesch\u00e4ftsmodelle zur wissenschaftlichen Literaturversorgung an \u00f6sterreichischen Universit\u00e4ten zu untersuchen. Im Rahmen der vorgelegten Studie wurde gezeigt, dass das Abonnement- und Lizenzsystem im Vergleich zum Pay-per-view das bei weitem preisg\u00fcnstigere und kosteneffizientere Modell darstellt.<\/span><\/p>\n<p>Mitglieder der Arbeitsgruppe:<br \/>\nBruno Bauer (UBMUW), Georg Fessler (UBWUW), Helmut Hartmann (KEM\u00d6 \/ OBVSG), Brigitte Kromp (UBW), Karlo Pavlovic (IMP), Eveline Pipp (ULBT), Kerstin Stieg (KEM\u00d6 \/ OBVSG).<\/p>\n<p><a class=\"text\" href=\"http:\/\/phaidra.univie.ac.at\/o:103329\" target=\"_blank\" rel=\"noopener noreferrer\">Link zu PHAIDRA-Dokumenten >><\/a><\/p>\n<h3><\/h3>\n<h3><span class=\"text\"><a href=\"https:\/\/phaidra.univie.ac.at\/detail_object\/o:103329?SID=&#038;actPage=&#038;type=thumbnails\" target=\"_blank\" rel=\"noopener noreferrer\"><br \/>\n<\/a><\/span><strong><span class=\"ueberschrift\">Pr\u00e4sentationen<\/span><\/strong><\/h3>\n<p class=\"text\"><span class=\"bold\"><strong>ubifo-Seminar &#8220;Urheberrecht im bibliothekarischen Alltag&#8221;<\/strong> <\/span><br \/>\nPr\u00e4sentation von Thomas Luzer und Christian Recht im Rahmen des ubifo-Seminars 2015<\/p>\n<p><a class=\"text\" href=\"http:\/\/phaidra.univie.ac.at\/o:387172\" target=\"_blank\" rel=\"noopener noreferrer\">Link zu PHAIDRA-Dokument >><\/a><\/p>\n<p><span class=\"bold\"><br \/>\n<strong>Forum Universit\u00e4tsbibliotheken \u00d6sterreichs (ubifo):<\/strong> <\/span><span class=\"text\"><br \/>\nStruktur, Aufgaben und Projekte der Kooperation bundesstaatlicher Universit\u00e4ten in \u00d6sterreich<br \/>\nPr\u00e4sentation von Bruno Bauer im Rahmen des \u00d6sterreichischen Bibliothekartages 2011 in Innsbruck<br \/>\n<a class=\"text\" href=\"http:\/\/phaidra.univie.ac.at\/o:104134\" target=\"_blank\" rel=\"noopener noreferrer\"><br \/>\nLink zu PHAIDRA-Dokument >><\/a><\/span><\/p>\n<p class=\"text\"><span class=\"bold\"><br \/>\n<strong>Das Universit\u00e4tsgesetz 2002 und seine organisationsrechtlichen Auswirkungen auf die Universit\u00e4tsbibliotheken \u00d6sterreichs<\/strong><\/span><br \/>\nPr\u00e4sentation von Robert Schiller im Rahmen des \u00d6sterreichischen Bibliothekartages 2011 in Innsbruck<br \/>\n<a class=\"text\" href=\"http:\/\/phaidra.univie.ac.at\/o:104135\" target=\"_blank\" rel=\"noopener noreferrer\"><br \/>\nLink zu PHAIDRA-Dokument >><\/a><\/p>\n<p class=\"text\"><span class=\"bold\"><br \/>\n<strong>Gemeinsame Archivierung: neues Geld statt altem Raum<\/strong><\/span><br \/>\nDie Entwicklung eines Prototyps f\u00fcr die verteilte Archivierung von Printbest\u00e4nden anhand der American Chemical Society als Gemeinschaftsprojekt der \u00f6sterreichischen Universit\u00e4tsbibliotheken im Rahmen der ubifo.<br \/>\nPr\u00e4sentation von Brigitte Kromp und Wolfgang Mayer im Rahmen des \u00d6sterreichischen Bibliothekartages 2011 in Innsbruck<br \/>\n<a class=\"text\" href=\"http:\/\/phaidra.univie.ac.at\/o:104137\" target=\"_blank\" rel=\"noopener noreferrer\"><br \/>\nLink zu PHAIDRA-Dokument >><\/a><\/p>\n<h3><span class=\"bold\"><strong>Positionspapier Plan S (Mai 2022)<\/strong><\/span><\/h3>\n<p><a href=\"https:\/\/phaidra.univie.ac.at\/o:1535285\">Link zu PHAIDRA-Dokument >><\/a><\/p>\n<h3><strong><span class=\"ueberschrift\">Protokolle<\/span><\/strong><\/h3>\n<p><span class=\"bold\">ubifo (vormals ARGE BibliotheksdirektorInnen) Sitzungs-Protokolle <\/span><br \/>\n<span class=\"text\">von 2011 bis retrospektiv 1994 in <a class=\"text\" href=\"https:\/\/phaidra.univie.ac.at\/\" target=\"_blank\" rel=\"noopener noreferrer\">PHAIDRA<\/a> >> archiviert.<br \/>\n<em>Interner Zugriff nur f\u00fcr ubifo Mitglieder mittels UserID\/Passwort.<\/em><\/span><\/p>\n","protected":false},"excerpt":{"rendered":"<p>ubifo Sammelband Online in E-LIS: Schriften der Vereinigung \u00d6sterreichischer Bibliothekarinnen und Bibliothekare 13 Inhalt Einleitung (Bruno Bauer, Christian Gumpenberger und<\/p>\n","protected":false},"author":1,"featured_media":0,"parent":0,"menu_order":0,"comment_status":"closed","ping_status":"closed","template":"","meta":[],"_links":{"self":[{"href":"https:\/\/ubifo.at\/en\/wp-json\/wp\/v2\/pages\/52"}],"collection":[{"href":"https:\/\/ubifo.at\/en\/wp-json\/wp\/v2\/pages"}],"about":[{"href":"https:\/\/ubifo.at\/en\/wp-json\/wp\/v2\/types\/page"}],"author":[{"embeddable":true,"href":"https:\/\/ubifo.at\/en\/wp-json\/wp\/v2\/users\/1"}],"replies":[{"embeddable":true,"href":"https:\/\/ubifo.at\/en\/wp-json\/wp\/v2\/comments?post=52"}],"version-history":[{"count":4,"href":"https:\/\/ubifo.at\/en\/wp-json\/wp\/v2\/pages\/52\/revisions"}],"predecessor-version":[{"id":516,"href":"https:\/\/ubifo.at\/en\/wp-json\/wp\/v2\/pages\/52\/revisions\/516"}],"wp:attachment":[{"href":"https:\/\/ubifo.at\/en\/wp-json\/wp\/v2\/media?parent=52"}],"curies":[{"name":"wp","href":"https:\/\/api.w.org\/{rel}","templated":true}]}}