{"id":671,"date":"2024-06-04T10:58:45","date_gmt":"2024-06-04T08:58:45","guid":{"rendered":"https:\/\/ubifo.at\/?page_id=671"},"modified":"2024-06-04T10:58:45","modified_gmt":"2024-06-04T08:58:45","slug":"mag-phil-robert-schiller","status":"publish","type":"page","link":"https:\/\/ubifo.at\/en\/mag-phil-robert-schiller\/","title":{"rendered":"Mag.phil. Robert Schiller"},"content":{"rendered":"<table style=\"width: 100%; height: 969px;\" border=\"0\" cellspacing=\"0\" cellpadding=\"0\">\n<tbody>\n<tr style=\"height: 696px;\">\n<td style=\"height: 370px; width: 20.987654%;\" align=\"left\" valign=\"top\" width=\"125\" height=\"349\"><img loading=\"lazy\" class=\"alignnone size-full wp-image-160\" src=\"http:\/\/ubifo.at\/wp-content\/uploads\/2018\/11\/schiller.jpg\" alt=\"schiller\" width=\"105\" height=\"140\" \/><\/td>\n<td style=\"height: 370px; width: 78.765432%;\" align=\"left\" valign=\"top\" width=\"470\"><span class=\"italicSmall\"><em>Universit\u00e4t f\u00fcr Musik und darstellende Kunst Graz<br \/>\n<\/em><\/span><em><span class=\"italicSmall\" style=\"font-size: 1.125rem; font-family: inherit;\">ubifo-Vorsitzender<\/span><\/em><span class=\"text\" style=\"font-size: 1.125rem; font-family: inherit;\">Robert Schiller (geb. 1964) studierte Biologie, Musikwissenschaft und Philosophie an der Karl-Franzens-Universit\u00e4t in Graz und erteilte Unterricht am Landeskonservatorium Steiermark in den F\u00e4chern Gitarre und Barocklaute.<\/span><\/p>\n<p><span class=\"text\">Nach Absolvierung der Grundausbildung f\u00fcr den Bibliotheks-, Informations- und Dokumentationsdienst arbeitete er seit 1991 an der Universit\u00e4tsbibliothek der Universit\u00e4t f\u00fcr Musik und darstellende Kunst Graz. Dort ist er seit 2002 Bibliotheksdirektor und seit 2010 Direktor der Organisationseinheit Universit\u00e4tsbibliothek, -archiv und Musikinstrumentensammlung (UBam).<\/span><span class=\"italicSmall\"><br \/>\n<em><br \/>\nUB der Universit\u00e4t f\u00fcr Musik und darstellende Kunst Graz<\/em><br \/>\n<em>Brandhofg. 17-19, 8010 Graz<\/em><br \/>\n<em>T: +43-316-389-2002<\/em><br \/>\n<em><a href=\"mailto:Robert.Schiller@kug.ac.at\">Robert.Schiller@kug.ac.at<\/a><\/em><\/span><\/p>\n<p><em><span class=\"italicSmall\">Skills:\u00a0 Qualit\u00e4tsmanagement<\/span><\/em><\/td>\n<\/tr>\n<tr style=\"height: 599px;\">\n<td style=\"width: 20.987654%; height: 599px;\"><\/td>\n<td style=\"width: 78.765432%; height: 599px;\"><em>University of Music and Performing Arts Vienna,<\/em> <em>Chairperson ubifo<\/em><\/p>\n<p>Robert Schiller (born in 1964) studied Biology, Musicology and Philosophy at the University of Graz and taught guitar and Baroque lute at the Styrian State Conservatory. On completion of the basic training for the Library, Information and Documentation Service, he has worked at the University Library at the University of Music and Performing Arts Graz since 1991. He has been the Library Director there since 2002 and, since 2010, he has become the Director of the University Library, Archive and Musical Instrument Collection organisational unit (UBam).<\/p>\n<p><em>University Library, University of Music and Performing Arts Vienna<\/em> <em>Brandhofg. 17-19, A-8010 Graz<\/em><br \/>\n<em>Tel. +43 316 389 2002<\/em><br \/>\n<em><a href=\"mailto:Robert.Schiller@kug.ac.at\">Robert.Schiller@kug.ac.at<\/a><\/em><\/p>\n<p><span class=\"italicSmall\"><em>Skills:\u00a0 quality management<\/em><\/span><\/p>\n<p><span class=\"italicSmall\"><em>\u00a0<\/em><\/span><\/td>\n<\/tr>\n<\/tbody>\n<\/table>\n","protected":false},"excerpt":{"rendered":"<p>Universit\u00e4t f\u00fcr Musik und darstellende Kunst Graz ubifo-VorsitzenderRobert Schiller (geb. 1964) studierte Biologie, Musikwissenschaft und Philosophie an der Karl-Franzens-Universit\u00e4t in<\/p>\n","protected":false},"author":1,"featured_media":0,"parent":0,"menu_order":0,"comment_status":"closed","ping_status":"closed","template":"","meta":[],"_links":{"self":[{"href":"https:\/\/ubifo.at\/en\/wp-json\/wp\/v2\/pages\/671"}],"collection":[{"href":"https:\/\/ubifo.at\/en\/wp-json\/wp\/v2\/pages"}],"about":[{"href":"https:\/\/ubifo.at\/en\/wp-json\/wp\/v2\/types\/page"}],"author":[{"embeddable":true,"href":"https:\/\/ubifo.at\/en\/wp-json\/wp\/v2\/users\/1"}],"replies":[{"embeddable":true,"href":"https:\/\/ubifo.at\/en\/wp-json\/wp\/v2\/comments?post=671"}],"version-history":[{"count":2,"href":"https:\/\/ubifo.at\/en\/wp-json\/wp\/v2\/pages\/671\/revisions"}],"predecessor-version":[{"id":746,"href":"https:\/\/ubifo.at\/en\/wp-json\/wp\/v2\/pages\/671\/revisions\/746"}],"wp:attachment":[{"href":"https:\/\/ubifo.at\/en\/wp-json\/wp\/v2\/media?parent=671"}],"curies":[{"name":"wp","href":"https:\/\/api.w.org\/{rel}","templated":true}]}}