{"id":673,"date":"2024-06-04T10:58:58","date_gmt":"2024-06-04T08:58:58","guid":{"rendered":"https:\/\/ubifo.at\/?page_id=673"},"modified":"2025-11-05T08:46:48","modified_gmt":"2025-11-05T07:46:48","slug":"margit-rathmanner-spitzbart-mas-msc","status":"publish","type":"page","link":"https:\/\/ubifo.at\/en\/margit-rathmanner-spitzbart-mas-msc\/","title":{"rendered":"Margit Rathmanner-Spitzbart, MAS MSc"},"content":{"rendered":"<table style=\"width: 100%; height: 454px;\" border=\"0\" cellspacing=\"0\" cellpadding=\"0\">\n<tbody>\n<tr style=\"height: 530px;\">\n<td style=\"text-align: left; vertical-align: top; height: 366px; width: 20.987654%;\"><img loading=\"lazy\" class=\"alignleft wp-image-433 size-full\" src=\"https:\/\/ubifo.at\/wp-content\/uploads\/2020\/11\/rathmanner.jpg\" alt=\"\" width=\"105\" height=\"140\" \/><\/td>\n<td style=\"height: 366px; width: 78.765432%;\"><span class=\"italicSmall\"><em>Universit\u00e4t f\u00fcr Weiterbildung Krems (Donau-Universit\u00e4t Krems)<br \/>\nubifo-Vorsitzende<\/em><\/span><span class=\"text\">Margit Rathmanner-Spitzbart (geb. 1975) absolvierte zun\u00e4chst eine Ausbildung an der H\u00f6heren Lehranstalt f\u00fcr Forstwirtschaft. Seit dem Fr\u00fchjahr 1996 ist Margit Rathmanner-Spitzbart Mitarbeiterin an der Universit\u00e4t f\u00fcr Weiterbildung Krems. 2001 beendete sie erfolgreich ihre Ausbildung f\u00fcr den Bibliotheks-, Informations- und Dokumentationsdienst an der Universit\u00e4t f\u00fcr Weiterbildung Krems. Bereits w\u00e4hrend ihrer Ausbildung war sie als Mitarbeiterin in der Universit\u00e4tsbibliothek t\u00e4tig. Von 2002-2003 absolvierte sie den Lehrgang Management in Bibliotheken an der Freien Universit\u00e4t Berlin. Seit dieser Zeit hat sie alle Stationen der bibliothekarischen Arbeitsbereiche durchlaufen und war als Vortragende an der Universit\u00e4t f\u00fcr Weiterbildung t\u00e4tig. Seit 2000 ist Margit Rathmanner-Spitzbart Leiterin der Universit\u00e4tsbibliothek und Universit\u00e4tsarchiv. Zus\u00e4tzlich leitet sie seit 2011 die Abteilung f\u00fcr Infrastruktur. <\/span><\/p>\n<p class=\"italicSmall\"><em>Universit\u00e4t f\u00fcr Weiterbildung Krems, Abteilung f\u00fcr Infrastruktur\u00a0 \u00a0 \u00a0 \u00a0 \u00a0 \u00a0 \u00a0 \u00a0 \u00a0 \u00a0 \u00a0 \u00a0 \u00a0 \u00a0 \u00a0 \u00a0 \u00a0 \u00a0 \u00a0 \u00a0 \u00a0 <\/em><em style=\"font-family: inherit; font-size: inherit;\">Dr. Karl-Dorrek-Stra\u00dfe 30, 3500 Krems\u00a0 \u00a0 \u00a0 \u00a0 \u00a0 \u00a0 \u00a0 \u00a0 \u00a0 \u00a0 \u00a0 \u00a0 \u00a0 \u00a0 \u00a0 \u00a0 \u00a0 \u00a0 \u00a0 \u00a0 \u00a0 \u00a0 \u00a0 \u00a0 \u00a0 \u00a0 \u00a0 \u00a0 \u00a0 \u00a0 \u00a0 \u00a0 \u00a0 \u00a0 \u00a0 \u00a0 \u00a0 \u00a0 \u00a0 \u00a0 \u00a0 \u00a0<\/em><em>T: +43-2732-893-2232<\/em><br \/>\n<a href=\"mailto:Margit.Rathmanner-Spitzbart@donau-uni.ac.at\">Margit.Rathmanner-Spitzbart@donau-uni.ac.at<\/a><\/p>\n<\/td>\n<\/tr>\n<tr style=\"height: 88px;\">\n<td style=\"text-align: left; vertical-align: top; width: 20.987654%; height: 88px;\"><\/td>\n<td style=\"width: 78.765432%; height: 88px;\"><em>University for Continuing Education Krems, Chairperson ubifo<\/em><\/p>\n<p>Margit Rathmanner-Spitzbart (born 1975) initially completed an apprenticeship at the College of Forestry. Since the spring of 1996, Margit Rathmanner-Spitzbart has been working at the University for Continuing Education in Krems. In 2001 she successfully completed her training for the library, information and documentation service at the University of Krems for further education. Already during her training she worked as a staff member in the university library. From 2002-2003 she completed the Management in Libraries course at the Freie Universit\u00e4t Berlin. Since that time she has passed through all stations of the library work areas and worked as a lecturer at the university for further education. Margit Rathmanner-Spitzbart has been head of the university library and university archive since 2000. In addition, she has headed the infrastructure department since 2011.<\/p>\n<p><em>University for Continuing Education Krems<br \/>\n<\/em><em>Dr. Karl-Dorrek-Stra\u00dfe 30, 3500 Krems<br \/>\n<\/em><em>T: +43-2732-893-2232<\/em><br \/>\n<a href=\"mailto:Margit.Rathmanner-Spitzbart@donau-uni.ac.at\">Margit.Rathmanner-Spitzbart@donau-uni.ac.at<\/a><\/p>\n<p><strong>\u00a0<\/strong><\/td>\n<\/tr>\n<\/tbody>\n<\/table>\n","protected":false},"excerpt":{"rendered":"<p>Universit\u00e4t f\u00fcr Weiterbildung Krems (Donau-Universit\u00e4t Krems) ubifo-VorsitzendeMargit Rathmanner-Spitzbart (geb. 1975) absolvierte zun\u00e4chst eine Ausbildung an der H\u00f6heren Lehranstalt f\u00fcr Forstwirtschaft.<\/p>\n","protected":false},"author":1,"featured_media":0,"parent":0,"menu_order":0,"comment_status":"closed","ping_status":"closed","template":"","meta":[],"_links":{"self":[{"href":"https:\/\/ubifo.at\/en\/wp-json\/wp\/v2\/pages\/673"}],"collection":[{"href":"https:\/\/ubifo.at\/en\/wp-json\/wp\/v2\/pages"}],"about":[{"href":"https:\/\/ubifo.at\/en\/wp-json\/wp\/v2\/types\/page"}],"author":[{"embeddable":true,"href":"https:\/\/ubifo.at\/en\/wp-json\/wp\/v2\/users\/1"}],"replies":[{"embeddable":true,"href":"https:\/\/ubifo.at\/en\/wp-json\/wp\/v2\/comments?post=673"}],"version-history":[{"count":4,"href":"https:\/\/ubifo.at\/en\/wp-json\/wp\/v2\/pages\/673\/revisions"}],"predecessor-version":[{"id":778,"href":"https:\/\/ubifo.at\/en\/wp-json\/wp\/v2\/pages\/673\/revisions\/778"}],"wp:attachment":[{"href":"https:\/\/ubifo.at\/en\/wp-json\/wp\/v2\/media?parent=673"}],"curies":[{"name":"wp","href":"https:\/\/api.w.org\/{rel}","templated":true}]}}