{"id":680,"date":"2024-06-04T10:46:17","date_gmt":"2024-06-04T08:46:17","guid":{"rendered":"https:\/\/ubifo.at\/?page_id=680"},"modified":"2025-11-05T09:03:43","modified_gmt":"2025-11-05T08:03:43","slug":"martin-wieland","status":"publish","type":"page","link":"https:\/\/ubifo.at\/en\/martin-wieland\/","title":{"rendered":"Martin Wieland"},"content":{"rendered":"<table border=\"0\" cellspacing=\"0\" cellpadding=\"0\">\n<tbody>\n<tr style=\"height: 10px;\">\n<td style=\"height: 10px; width: 20.987654%;\" align=\"left\" valign=\"top\"><img loading=\"lazy\" class=\"alignnone size-full wp-image-781\" src=\"https:\/\/ubifo.at\/wp-content\/uploads\/2025\/11\/wieland.jpg\" alt=\"\" width=\"103\" height=\"137\" \/><\/td>\n<td style=\"height: 10px; width: 78.765432%;\" align=\"left\" valign=\"top\"><em style=\"font-family: inherit; font-size: inherit;\">Universit\u00e4t Wien, <\/em><em style=\"font-family: inherit; font-size: inherit;\">ubifo-Koordinator<br \/>\n<\/em>Martin Wieland studierte am Institut f\u00fcr Sozial- und Kulturanthropologie der Universit\u00e4t Wien und spezialisierte sich auf Mongolistik und Gender Studies. Er ist Gr\u00fcnder und Leiter eines medizinischen Verlags. Er hat mehrere gro\u00dfe EU Projekte zur Gesundheitsf\u00f6rderung am Arbeitsplatz und zur grenz\u00fcberschreitenden Gesundheitsversorgung entwickelt und geleitet und war Berater f\u00fcr grenz\u00fcberschreitende Gesundheitsversorgung beim Europ\u00e4ischen Ausschuss der Regionen in Br\u00fcssel. Er hat Europ\u00e4ische Gesundheitspolitik an der Universit\u00e4t f\u00fcr Weiterbildung Krems unterrichtet.<br \/>\nSeit 2008 arbeitet er an der Universit\u00e4tsbibliothek Wien, ist einer der Gr\u00fcnder der Abteilung f\u00fcr Bibliometrie und organisierte die Gr\u00fcndung und Entwicklung der European Summer School for Scientometrics (esss).<br \/>\nSeit 2025 ist er Koordinator von ubifo.<\/p>\n<p><em>Universit\u00e4tsbibliothek Wien<\/em><br \/>\n<em>Universit\u00e4tsring 1, 1010 Wien<\/em><br \/>\n<em>T: +43-1-4277-27620<\/em><br \/>\n<em><a href=\"mailto:martin.wieland@univie.ac.at\">martin.wieland@univie.ac.at<\/a><\/em><\/td>\n<\/tr>\n<tr>\n<td style=\"width: 20.987654%;\"><\/td>\n<td style=\"width: 78.765432%;\"><span class=\"italicSmall\"><em>University of Vienna, Coordinator\u00a0<\/em><\/span><\/p>\n<div>Martin Wieland studied at the Department of Social and Cultural Anthropology \u00a0(University of Vienna) and specialised in Mongolian- and Gender Studies. He\u2019s founder and head of a medical publishing company. <span lang=\"EN-US\">He has developed and managed several major European Union projects on workplace health promotion and cross-border healthcare and was an advisor on cross-border healthcare at the European Committee of the Regions in Brussels. He has taught European health policy at the University for Continuing Education Krems.<br \/>\n<\/span>Since 2008 working at the Vienna University Library, he has been one of the founders of the Department of Bibliometrics and organised the establishment and development of the European Summer School for Scientometrics (esss).<br \/>\nHe is ubifo coordinator since 2025.<\/div>\n<p><em>Universit\u00e4tsbibliothek Wien<\/em><br \/>\n<em>Universit\u00e4tsring 1, 1010 Wien<\/em><br \/>\n<em>T: +43-1-4277-27620<\/em><br \/>\n<em><a href=\"mailto:martin.wieland@univie.ac.at\">martin.wieland@univie.ac.at<\/a><\/em><\/td>\n<\/tr>\n<\/tbody>\n<\/table>\n","protected":false},"excerpt":{"rendered":"<p>Universit\u00e4t Wien, ubifo-Koordinator Martin Wieland studierte am Institut f\u00fcr Sozial- und Kulturanthropologie der Universit\u00e4t Wien und spezialisierte sich auf Mongolistik<\/p>\n","protected":false},"author":1,"featured_media":0,"parent":0,"menu_order":0,"comment_status":"closed","ping_status":"closed","template":"","meta":[],"_links":{"self":[{"href":"https:\/\/ubifo.at\/en\/wp-json\/wp\/v2\/pages\/680"}],"collection":[{"href":"https:\/\/ubifo.at\/en\/wp-json\/wp\/v2\/pages"}],"about":[{"href":"https:\/\/ubifo.at\/en\/wp-json\/wp\/v2\/types\/page"}],"author":[{"embeddable":true,"href":"https:\/\/ubifo.at\/en\/wp-json\/wp\/v2\/users\/1"}],"replies":[{"embeddable":true,"href":"https:\/\/ubifo.at\/en\/wp-json\/wp\/v2\/comments?post=680"}],"version-history":[{"count":4,"href":"https:\/\/ubifo.at\/en\/wp-json\/wp\/v2\/pages\/680\/revisions"}],"predecessor-version":[{"id":780,"href":"https:\/\/ubifo.at\/en\/wp-json\/wp\/v2\/pages\/680\/revisions\/780"}],"wp:attachment":[{"href":"https:\/\/ubifo.at\/en\/wp-json\/wp\/v2\/media?parent=680"}],"curies":[{"name":"wp","href":"https:\/\/api.w.org\/{rel}","templated":true}]}}