{"id":686,"date":"2024-06-04T10:53:19","date_gmt":"2024-06-04T08:53:19","guid":{"rendered":"https:\/\/ubifo.at\/?page_id=686"},"modified":"2024-06-04T10:53:19","modified_gmt":"2024-06-04T08:53:19","slug":"hr-mag-karin-cepicka","status":"publish","type":"page","link":"https:\/\/ubifo.at\/en\/hr-mag-karin-cepicka\/","title":{"rendered":"HR Mag Karin Cepicka"},"content":{"rendered":"<table class=\" alignleft\" style=\"width: 100%; height: 1114px;\" border=\"0\" cellspacing=\"0\" cellpadding=\"0\">\n<tbody>\n<tr style=\"height: 579px;\">\n<td style=\"height: 542px; text-align: left; vertical-align: top; width: 21.8519%;\"><img loading=\"lazy\" class=\"alignnone wp-image-490\" src=\"https:\/\/ubifo.at\/wp-content\/uploads\/2021\/04\/Karin-Cepicka-Portrat-2021_1-schwarzweis-scaled-e1619424018211-203x300.jpg\" alt=\"\" width=\"105\" height=\"155\" srcset=\"https:\/\/ubifo.at\/wp-content\/uploads\/2021\/04\/Karin-Cepicka-Portrat-2021_1-schwarzweis-scaled-e1619424018211-203x300.jpg 203w, https:\/\/ubifo.at\/wp-content\/uploads\/2021\/04\/Karin-Cepicka-Portrat-2021_1-schwarzweis-scaled-e1619424018211-693x1024.jpg 693w, https:\/\/ubifo.at\/wp-content\/uploads\/2021\/04\/Karin-Cepicka-Portrat-2021_1-schwarzweis-scaled-e1619424018211-768x1135.jpg 768w, https:\/\/ubifo.at\/wp-content\/uploads\/2021\/04\/Karin-Cepicka-Portrat-2021_1-schwarzweis-scaled-e1619424018211-1039x1536.jpg 1039w, https:\/\/ubifo.at\/wp-content\/uploads\/2021\/04\/Karin-Cepicka-Portrat-2021_1-schwarzweis-scaled-e1619424018211-1385x2048.jpg 1385w, https:\/\/ubifo.at\/wp-content\/uploads\/2021\/04\/Karin-Cepicka-Portrat-2021_1-schwarzweis-scaled-e1619424018211.jpg 1580w\" sizes=\"(max-width: 105px) 100vw, 105px\" \/><\/td>\n<td style=\"height: 542px; width: 77.9012%;\"><em><span class=\"italicSmall\">Medizinische Universit\u00e4t Wien<\/span><\/em><\/p>\n<p>Karin Cepicka (geb. 1961) studierte Deutsche Philologie und Geographie und Wirtschaftskunde an der Universit\u00e4t Wien und hat 1984 an der Universit\u00e4tsbibliothek Wien begonnen und als Referentin f\u00fcr Geographie sowie an der Fachbibliothek f\u00fcr Geographie gearbeitet. Ab 1986 war sie im Team der Fakult\u00e4tsbibliothek f\u00fcr Medizin t\u00e4tig und absolvierte 1990 die Ausbildung f\u00fcr den Bibliotheks-, Dokumentations- und Informationsdienst in Wien. Seit 2005 war sie stellvertretende Leiterin der Bibliothek der Medizinischen Universit\u00e4t Wien. 2021 wurde Cepicka mit der Leitung der Bibliothek betraut.<\/p>\n<p><em>Universit\u00e4tsbibliothek Medizinische Universit\u00e4t<br \/>\nW\u00e4hringer G\u00fcrtel 18\u201320, 1097 Wien<\/em><br \/>\n<em>Tel.: +43-1-40160\/26100<\/em><br \/>\n<a href=\"mailto:karin.cepicka@meduniwien.ac.at\"><em>karin.cepicka@meduniwien.ac.at<\/em><\/a><\/td>\n<\/tr>\n<tr style=\"height: 572px;\">\n<td style=\"text-align: left; vertical-align: top; width: 21.8519%; height: 572px;\"><\/td>\n<td style=\"width: 77.9012%; height: 572px;\"><em><span class=\"italicSmall\">Medical University of Vienna<\/span><\/em><\/p>\n<p>Karin Cepicka (born 1961) studied German Philology and Geography and Economics at the University of Vienna. She began working at the Vienna University Library in 1984 as a consultant for geography and at the specialist library for geography. From 1986 she worked in the team of the Faculty Library for Medicine and completed her training for the library, documentation and information service in Vienna in 1990. Since 2005 she has been deputy head of the library at the Medical University of Vienna. In 2021, Cepicka was entrusted with the management of the library.<\/p>\n<p><span class=\"bold\"><em>University Library \u2013 Medical University of Vienna<br \/>\nW\u00e4hringer G\u00fcrtel 18\u201320, 1097 Wien<\/em><br \/>\n<em>Tel.: +43-1-40160\/26100<\/em><br \/>\n<a href=\"mailto:karin.cepicka@meduniwien.ac.at\"><em>karin.cepicka@meduniwien.ac.at<\/em><\/a><\/span><\/p>\n<p><em><span class=\"italicSmall\">\u00a0<\/span><\/em><\/td>\n<\/tr>\n<\/tbody>\n<\/table>\n","protected":false},"excerpt":{"rendered":"<p>Medizinische Universit\u00e4t Wien Karin Cepicka (geb. 1961) studierte Deutsche Philologie und Geographie und Wirtschaftskunde an der Universit\u00e4t Wien und hat<\/p>\n","protected":false},"author":1,"featured_media":0,"parent":0,"menu_order":0,"comment_status":"closed","ping_status":"closed","template":"","meta":[],"_links":{"self":[{"href":"https:\/\/ubifo.at\/en\/wp-json\/wp\/v2\/pages\/686"}],"collection":[{"href":"https:\/\/ubifo.at\/en\/wp-json\/wp\/v2\/pages"}],"about":[{"href":"https:\/\/ubifo.at\/en\/wp-json\/wp\/v2\/types\/page"}],"author":[{"embeddable":true,"href":"https:\/\/ubifo.at\/en\/wp-json\/wp\/v2\/users\/1"}],"replies":[{"embeddable":true,"href":"https:\/\/ubifo.at\/en\/wp-json\/wp\/v2\/comments?post=686"}],"version-history":[{"count":2,"href":"https:\/\/ubifo.at\/en\/wp-json\/wp\/v2\/pages\/686\/revisions"}],"predecessor-version":[{"id":731,"href":"https:\/\/ubifo.at\/en\/wp-json\/wp\/v2\/pages\/686\/revisions\/731"}],"wp:attachment":[{"href":"https:\/\/ubifo.at\/en\/wp-json\/wp\/v2\/media?parent=686"}],"curies":[{"name":"wp","href":"https:\/\/api.w.org\/{rel}","templated":true}]}}