{"id":688,"date":"2024-06-04T10:53:51","date_gmt":"2024-06-04T08:53:51","guid":{"rendered":"https:\/\/ubifo.at\/?page_id=688"},"modified":"2024-06-04T10:53:51","modified_gmt":"2024-06-04T08:53:51","slug":"mag-andreas-ferus-msc","status":"publish","type":"page","link":"https:\/\/ubifo.at\/en\/mag-andreas-ferus-msc\/","title":{"rendered":"Mag. Andreas Ferus, MSc"},"content":{"rendered":"<table class=\" alignleft\" style=\"width: 100%; height: 1142px;\" border=\"0\" cellspacing=\"0\" cellpadding=\"0\">\n<tbody>\n<tr style=\"height: 731px;\">\n<td style=\"height: 481px; width: 21.8519%;\" align=\"left\" valign=\"top\"><img loading=\"lazy\" class=\"alignnone size-full wp-image-137\" src=\"http:\/\/ubifo.at\/wp-content\/uploads\/2018\/11\/ferus.jpg\" alt=\"ferus\" width=\"104\" height=\"140\" \/><\/td>\n<td style=\"height: 481px; width: 77.9012%;\" align=\"left\" valign=\"top\"><span class=\"italicSmall\"><em>Akademie der bildenden K\u00fcnste Wien<\/em><\/span><span class=\"text\">Andreas Ferus (geb. 1979) studierte Geschichte an der Universit\u00e4t Wien und absolvierte gleichenorts sowohl den Grund- als auch den Aufbaulehrgang des Universit\u00e4tslehrgangs &#8220;Library and Information Studies (MSc)&#8221;. Sein Einstieg in das BID-Wesen erfolgte im Jahre 2005 als studentischer Mitarbeiter der Universit\u00e4tsbibliothek und des -archivs der Akademie der bildenden K\u00fcnste Wien, deren bzw. dessen stellvertretender Leiter er seit 2012 ist. Im November 2016 wurde er dann mit der interimistischen Leitung der Universit\u00e4tsbibliothek und des -archivs betraut. Dar\u00fcber hinaus ist er seit 2013 einer der beiden Open Access-Beauftragten und Lektor am Institut f\u00fcr Kunst- und Kulturwissenschaften der Akademie sowie Mitglied in zahlreichen inner- und au\u00dferuniversit\u00e4ren Gremien und Arbeitsgruppen.<\/span><span class=\"italicSmall\"><br \/>\n<em><br \/>\nUniversit\u00e4tsbibliothek und -archiv<\/em><br \/>\n<em>Schillerplatz 3, 1010 Wien<\/em><br \/>\n<em>T: +43-1-58816-2314<\/em><br \/>\n<em><a href=\"mailto:a.ferus@akbild.ac.at\">a.ferus@akbild.ac.at<\/a><\/em><\/span><em style=\"font-family: inherit; font-size: inherit;\">Skills: Open Access, Scholarly Communication, Digital Libraries<\/em><\/td>\n<\/tr>\n<tr style=\"height: 661px;\">\n<td style=\"width: 21.8519%; height: 661px;\"><\/td>\n<td style=\"width: 77.9012%; height: 661px;\"><em>Academy of Fine Arts Vienna<\/em><\/p>\n<p>Andreas Ferus (born in 1979) studied History and also completed the advanced Library and Information Studies (MSc) study course at the University of Vienna. He started work in libraries, information and documentation in 2005 as a student member of staff of the University Library and Archive of the Academy of Fine Arts Vienna and has been Assistant Head of both of these since 2012. In November 2016, he was entrusted with the interim management of the University Library and Archive. In addition, he has been since 2013 one of the two open access delegated members of staff and an lecturer at the Institute for Art and Cultural Sciences at the Academy and a member of a large number of committees and work groups both within the university and outside it.<\/p>\n<p><em>University Library and Archive<\/em> <em>Schillerplatz 3, A-1010 Vienna<\/em><br \/>\n<em>Tel. +43 1 588 16 \u2013 2314<\/em><br \/>\n<em><a href=\"mailto:a.ferus@akbild.ac.at\">a.ferus@akbild.ac.at<\/a><\/em><\/p>\n<p><em>Skills: Open access, scholarly communication, digital libraries<\/em><\/p>\n<p><span class=\"italicSmall\"><em>\u00a0<\/em><\/span><\/td>\n<\/tr>\n<\/tbody>\n<\/table>\n","protected":false},"excerpt":{"rendered":"<p>Akademie der bildenden K\u00fcnste WienAndreas Ferus (geb. 1979) studierte Geschichte an der Universit\u00e4t Wien und absolvierte gleichenorts sowohl den Grund-<\/p>\n","protected":false},"author":1,"featured_media":0,"parent":0,"menu_order":0,"comment_status":"closed","ping_status":"closed","template":"","meta":[],"_links":{"self":[{"href":"https:\/\/ubifo.at\/en\/wp-json\/wp\/v2\/pages\/688"}],"collection":[{"href":"https:\/\/ubifo.at\/en\/wp-json\/wp\/v2\/pages"}],"about":[{"href":"https:\/\/ubifo.at\/en\/wp-json\/wp\/v2\/types\/page"}],"author":[{"embeddable":true,"href":"https:\/\/ubifo.at\/en\/wp-json\/wp\/v2\/users\/1"}],"replies":[{"embeddable":true,"href":"https:\/\/ubifo.at\/en\/wp-json\/wp\/v2\/comments?post=688"}],"version-history":[{"count":2,"href":"https:\/\/ubifo.at\/en\/wp-json\/wp\/v2\/pages\/688\/revisions"}],"predecessor-version":[{"id":733,"href":"https:\/\/ubifo.at\/en\/wp-json\/wp\/v2\/pages\/688\/revisions\/733"}],"wp:attachment":[{"href":"https:\/\/ubifo.at\/en\/wp-json\/wp\/v2\/media?parent=688"}],"curies":[{"name":"wp","href":"https:\/\/api.w.org\/{rel}","templated":true}]}}