{"id":690,"date":"2024-06-04T10:54:20","date_gmt":"2024-06-04T08:54:20","guid":{"rendered":"https:\/\/ubifo.at\/?page_id=690"},"modified":"2024-06-04T10:54:20","modified_gmt":"2024-06-04T08:54:20","slug":"mag-beate-guba-msc","status":"publish","type":"page","link":"https:\/\/ubifo.at\/en\/mag-beate-guba-msc\/","title":{"rendered":"Mag. Beate Guba, MSc"},"content":{"rendered":"<table class=\" alignleft\" border=\"0\" cellspacing=\"0\" cellpadding=\"0\">\n<tbody>\n<tr style=\"height: 700px;\">\n<td style=\"height: 674px; width: 21.8519%;\" align=\"left\" valign=\"top\" height=\"222\"><img loading=\"lazy\" class=\"alignnone size-full wp-image-139\" src=\"http:\/\/ubifo.at\/wp-content\/uploads\/2018\/11\/guba.jpg\" alt=\"guba\" width=\"104\" height=\"140\" \/><\/td>\n<td style=\"height: 674px; width: 77.9012%;\" align=\"left\" valign=\"top\"><span class=\"italicSmall\"><em>Technische Universit\u00e4t Wien<\/em><\/span>Beate Guba (geb. 1968) studierte Deutsche und Klassische Philologie sowie Bibliotheks- und Informationsmanagement. Sie sammelte Berufserfahrung als wissenschaftliche Mitarbeiterin am Institut f\u00fcr Germanistik der Universit\u00e4t Wien und als Lehrbeauftragte an der Universit\u00e9 de Bordeaux und der Universit\u00e4t Vaasa. Danach war sie f\u00fcr die digitale Bibliothek der Salzburger Landeskliniken \/ Paracelsus Medizinischen Privatuniversit\u00e4t und f\u00fcr das Informationsmanagement am Ludwig Boltzmann Institut f\u00fcr Health Technology Assessment verantwortlich. Von 2008-2016 leitete sie Die Bibliothek Wirtschaft &#038; Management der Technischen Universit\u00e4t Berlin, die in diesem Zeitraum mit 5 Preisen f\u00fcr ihre Innovationen ausgezeichnet wurde.<\/p>\n<p>Im Juli 2016 \u00fcbernahm Beate Guba die Leitung der Universit\u00e4tsbibliothek der Technischen Universit\u00e4t Wien. Sie vertritt die Technische Universit\u00e4t Wien in zahlreichen Vereinigungen und Gremien, u.a. in der EOSC Association, European Citizen Science Association, \u00d6sterreich forscht. Seit 01.11.2023 ist sie Sprecherin des Steering Committee der \u00f6sterreichischen EOSC-Initiative.<\/p>\n<p><span class=\"italicSmall\"><em>TU Wien Bibliothek<br \/>\nResselgasse 4, 1040 Wien<\/em><br \/>\n<em>T: +43-1-58801-44079<\/em><br \/>\n<em><a href=\"mailto:beate.guba@tuwien.ac.at\">beate.guba@tuwien.ac.at<\/a><\/em><\/span><\/p>\n<p><em style=\"font-family: inherit; font-size: inherit;\">Skills: Open Science, Citizen Science, Repositorien, Organisationsentwicklung, Innovationsmanagement, Bibliotheks- und Qualit\u00e4tsmanagement (EFQM)<\/em><\/td>\n<\/tr>\n<tr>\n<td style=\"width: 21.8519%;\"><\/td>\n<td style=\"width: 77.9012%;\"><em>Vienna University of Technology<\/em><\/p>\n<p>Beate Guba (born 1968) studied German and classical philology as well as library and information management. She gained professional experience as a research assistant at the Institute for German Studies at the University of Vienna and as a lecturer at the Universit\u00e9 de Bordeaux and the University of Vaasa. She was then responsible for the digital library at the Salzburger Landeskliniken \/ Paracelsus Medical Private University and for information management at the Ludwig Boltzmann Institute for Health Technology Assessment. From 2008-2016 she headed the Business &#038; Management Library at the Technical University of Berlin, which was awarded 5 prizes for its innovations during this period.<\/p>\n<p>In July 2016, Beate Guba took over the management of the university library at the Vienna University of Technology. She represents the Vienna University of Technology in numerous associations and committees, including the EOSC Association, European Citizen Science Association, Austria Research. Since November 1st, 2023 she has been the spokesperson for the Steering Committee of the Austrian EOSC initiative.<\/p>\n<p><em>Vienna University of Technology,<\/em>\u00a0<em>Resselgasse 4, A-1040 Vienna<\/em><br \/>\n<em>Tel.: +43 1 58801 44079<\/em><br \/>\n<em><a href=\"mailto:beate.guba@tuwien.ac.at\">beate.guba@tuwien.ac.at<\/a><\/em><\/p>\n<p><em>Skills: <\/em>Open Science, Citizen Science, Repositories, Organizational Development, Innovation Management, Library and Quality Management (EFQM)<\/p>\n<p><span class=\"italicSmall\"><em>\u00a0<\/em><\/span><\/td>\n<\/tr>\n<\/tbody>\n<\/table>\n","protected":false},"excerpt":{"rendered":"<p>Technische Universit\u00e4t WienBeate Guba (geb. 1968) studierte Deutsche und Klassische Philologie sowie Bibliotheks- und Informationsmanagement. Sie sammelte Berufserfahrung als wissenschaftliche<\/p>\n","protected":false},"author":1,"featured_media":0,"parent":0,"menu_order":0,"comment_status":"closed","ping_status":"closed","template":"","meta":[],"_links":{"self":[{"href":"https:\/\/ubifo.at\/en\/wp-json\/wp\/v2\/pages\/690"}],"collection":[{"href":"https:\/\/ubifo.at\/en\/wp-json\/wp\/v2\/pages"}],"about":[{"href":"https:\/\/ubifo.at\/en\/wp-json\/wp\/v2\/types\/page"}],"author":[{"embeddable":true,"href":"https:\/\/ubifo.at\/en\/wp-json\/wp\/v2\/users\/1"}],"replies":[{"embeddable":true,"href":"https:\/\/ubifo.at\/en\/wp-json\/wp\/v2\/comments?post=690"}],"version-history":[{"count":2,"href":"https:\/\/ubifo.at\/en\/wp-json\/wp\/v2\/pages\/690\/revisions"}],"predecessor-version":[{"id":735,"href":"https:\/\/ubifo.at\/en\/wp-json\/wp\/v2\/pages\/690\/revisions\/735"}],"wp:attachment":[{"href":"https:\/\/ubifo.at\/en\/wp-json\/wp\/v2\/media?parent=690"}],"curies":[{"name":"wp","href":"https:\/\/api.w.org\/{rel}","templated":true}]}}