{"id":692,"date":"2024-06-04T10:52:12","date_gmt":"2024-06-04T08:52:12","guid":{"rendered":"https:\/\/ubifo.at\/?page_id=692"},"modified":"2025-09-12T11:49:39","modified_gmt":"2025-09-12T09:49:39","slug":"astrid-haas-ba","status":"publish","type":"page","link":"https:\/\/ubifo.at\/en\/astrid-haas-ba\/","title":{"rendered":"Astrid Haas, BA, MA"},"content":{"rendered":"<table class=\" alignleft\" border=\"0\" cellspacing=\"0\" cellpadding=\"0\">\n<tbody>\n<tr>\n<td style=\"width: 21.8519%; text-align: left; vertical-align: top;\"><img loading=\"lazy\" class=\"alignnone wp-image-633\" src=\"https:\/\/ubifo.at\/wp-content\/uploads\/2024\/04\/Bild_Astrid_Haas_schwarzweiss-002-180x300.jpg\" alt=\"\" width=\"115\" height=\"191\" srcset=\"https:\/\/ubifo.at\/wp-content\/uploads\/2024\/04\/Bild_Astrid_Haas_schwarzweiss-002-180x300.jpg 180w, https:\/\/ubifo.at\/wp-content\/uploads\/2024\/04\/Bild_Astrid_Haas_schwarzweiss-002.jpg 478w\" sizes=\"(max-width: 115px) 100vw, 115px\" \/><\/td>\n<td style=\"width: 77.9012%;\"><span class=\"bold\"><em>Medizinische Universit\u00e4t Graz<\/em><\/span><\/p>\n<p>Astrid Haas (geb. 1981), begann ihre berufliche Laufbahn im Jahr 1998 an der Universit\u00e4tsbibliothek Graz. Im Jahr 2004, im Zuge der Ausgliederung der Medizinischen Fakult\u00e4t aus der Universit\u00e4t Graz, wechselte sie zur Medizinischen Universit\u00e4tsbibliothek Graz. Die Lehrabschlusspr\u00fcfung als Archiv-, Bibliotheks- und Informationsassistentin legte sie 2005 in Graz ab und absolvierte 2008 die Berufsreifepr\u00fcfung an der Bundeshandelsakademie Feldbach\/Steiermark. Von 2020 bis 2023 studierte sie berufsbegleitend Information, Medien und Kommunikation an der Fachhochschule Burgenland.<br \/>\nMasterabschluss in E-Learning und Wissensmanagement an der Hochschule im Burgenland (2023-2025).<\/p>\n<p>Ihre T\u00e4tigkeitsbereiche umfassten die Print- und elektronischen Medien, Innovation und Entwicklung sowie \u00d6ffentlichkeitsarbeit.<\/p>\n<p>Seit Oktober 2023 ist Haas Leiterin der Medizinischen Universit\u00e4tsbibliothek Graz.<\/p>\n<p><em>UB der Medizinischen Universit\u00e4t Graz<\/em><br \/>\n<em>Stiftingtalstra\u00dfe 24, A-8010 Graz<\/em><br \/>\n<em>T: +43 316 385 73061<br \/>\n<a href=\"mailto:astrid.haas@medunigraz.at\">astrid.haas@medunigraz.at<\/a><br \/>\n<\/em><\/td>\n<\/tr>\n<tr>\n<td style=\"width: 21.8519%; text-align: left; vertical-align: top;\"><\/td>\n<td style=\"width: 77.9012%;\"><span class=\"bold\"><em>Medical University of Graz<\/em><\/span><\/p>\n<p>Astrid Haas (born 1981) began her professional career in 1998 at the Graz University Library. In 2004, as part of the spin-off of the Medical Faculty from the University of Graz, it moved to the Medical University Library of Graz. She passed her final apprenticeship examination as an archive, library and information assistant in Graz in 2005 and completed the professional qualification examination at the Federal Commercial Academy in Feldbach\/Styria in 2008. From 2020 to 2023 she studied information, media and communication part-time at the Burgenland University of Applied Sciences.<\/p>\n<p>Master&#8217;s degree in e-learning and knowledge management at the University of Applied Sciences in Burgenland (2023-2025).<\/p>\n<p>Her areas of activity included print and electronic media, innovation and development and public relations.<\/p>\n<p>Haas has been head of the Medical University Library of Graz since October 2023.<\/p>\n<p>UB of the Medical University of Graz<br \/>\nStiftingtalstra\u00dfe 24, A-8010 Graz<br \/>\nTel. +43 316 385 73061<br \/>\n<em><a href=\"mailto:astrid.haas@medunigraz.at\">astrid.haas@medunigraz.at<\/a><\/em><\/p>\n<p><span class=\"bold\"><em>\u00a0<\/em><\/span><\/td>\n<\/tr>\n<\/tbody>\n<\/table>\n","protected":false},"excerpt":{"rendered":"<p>Medizinische Universit\u00e4t Graz Astrid Haas (geb. 1981), begann ihre berufliche Laufbahn im Jahr 1998 an der Universit\u00e4tsbibliothek Graz. Im Jahr<\/p>\n","protected":false},"author":1,"featured_media":0,"parent":0,"menu_order":0,"comment_status":"closed","ping_status":"closed","template":"","meta":[],"_links":{"self":[{"href":"https:\/\/ubifo.at\/en\/wp-json\/wp\/v2\/pages\/692"}],"collection":[{"href":"https:\/\/ubifo.at\/en\/wp-json\/wp\/v2\/pages"}],"about":[{"href":"https:\/\/ubifo.at\/en\/wp-json\/wp\/v2\/types\/page"}],"author":[{"embeddable":true,"href":"https:\/\/ubifo.at\/en\/wp-json\/wp\/v2\/users\/1"}],"replies":[{"embeddable":true,"href":"https:\/\/ubifo.at\/en\/wp-json\/wp\/v2\/comments?post=692"}],"version-history":[{"count":6,"href":"https:\/\/ubifo.at\/en\/wp-json\/wp\/v2\/pages\/692\/revisions"}],"predecessor-version":[{"id":766,"href":"https:\/\/ubifo.at\/en\/wp-json\/wp\/v2\/pages\/692\/revisions\/766"}],"wp:attachment":[{"href":"https:\/\/ubifo.at\/en\/wp-json\/wp\/v2\/media?parent=692"}],"curies":[{"name":"wp","href":"https:\/\/api.w.org\/{rel}","templated":true}]}}