{"id":694,"date":"2024-06-04T10:52:33","date_gmt":"2024-06-04T08:52:33","guid":{"rendered":"https:\/\/ubifo.at\/?page_id=694"},"modified":"2024-11-12T14:22:49","modified_gmt":"2024-11-12T13:22:49","slug":"dr-christian-hasenhuttl","status":"publish","type":"page","link":"https:\/\/ubifo.at\/en\/dr-christian-hasenhuttl\/","title":{"rendered":"Dr. Christian Hasenh\u00fcttl"},"content":{"rendered":"<table class=\" alignleft\" style=\"width: 100%; height: 768px;\" border=\"0\" cellspacing=\"0\" cellpadding=\"0\">\n<tbody>\n<tr style=\"height: 487px;\">\n<td style=\"height: 320px; width: 21.8519%;\" align=\"left\" valign=\"top\" height=\"222\"><img loading=\"lazy\" class=\"alignnone wp-image-595\" src=\"https:\/\/ubifo.at\/wp-content\/uploads\/2023\/08\/Hasenhuttl-SW-1-216x300.jpg\" alt=\"\" width=\"105\" height=\"146\" srcset=\"https:\/\/ubifo.at\/wp-content\/uploads\/2023\/08\/Hasenhuttl-SW-1-216x300.jpg 216w, https:\/\/ubifo.at\/wp-content\/uploads\/2023\/08\/Hasenhuttl-SW-1.jpg 333w\" sizes=\"(max-width: 105px) 100vw, 105px\" \/><\/td>\n<td style=\"height: 320px; width: 77.9012%;\" align=\"left\" valign=\"top\"><span class=\"bold\"><strong>Dr. Christian Hasenh\u00fcttl<\/strong><\/span><br \/>\n<span class=\"italicSmall\"><em>Montanuniversit\u00e4t Leoben<\/em><\/span><span class=\"italicSmall\"><span class=\"italicSmall\">Christian Hasenh\u00fcttl (geb. 1961) hat an der Karl-Franzens-Universit\u00e4t in Graz Geologie studiert, seit 1998 arbeitet er in der UB Leoben und ab 2007 nimmt er Leitungsaufgaben in Universit\u00e4tsbibliothek und Archiv der Montanuniversit\u00e4t wahr.<\/span><\/span><em><br \/>\nUB der Montanuniversit\u00e4t Leoben<\/em><em><span class=\"italicSmall\">Franz-Josef-Stra\u00dfe 18, 8700 Leoben<br \/>\nT: \u00a0+43-3842-402-7800<br \/>\n<a href=\"mailto:christian.hasenhuettl@unileoben.ac.at\">christian.hasenhuettl@unileoben.ac.at<\/a><\/span><\/em><\/td>\n<\/tr>\n<tr style=\"height: 448px;\">\n<td style=\"width: 21.8519%; height: 448px;\"><\/td>\n<td style=\"width: 77.9012%; height: 448px;\"><em>University of Mining Leoben<\/em><\/p>\n<p>Christian Hasenh\u00fcttl (born 1961) studied geology at the Karl-Franzens-University in Graz. He has been working at the UB Leoben since 1998 and from 2007 he has held management positions in the university library and archive of the Montanuniversit\u00e4t.<\/p>\n<p><em>University Library \u2013 University of Mining Leoben<\/em> <em>Franz-Josef-Strasse 18, A-8700 Leoben<\/em><br \/>\n<em>Tel.: +43 3842 402 7800<\/em><em><br \/>\n<a href=\"mailto:christian.hasenhuettl@unileoben.ac.at\">christian.hasenhuettl@unileoben.ac.at<\/a><\/em><\/p>\n<p><span class=\"bold\"><strong>\u00a0<\/strong><\/span><\/td>\n<\/tr>\n<\/tbody>\n<\/table>\n","protected":false},"excerpt":{"rendered":"<p>Dr. Christian Hasenh\u00fcttl Montanuniversit\u00e4t LeobenChristian Hasenh\u00fcttl (geb. 1961) hat an der Karl-Franzens-Universit\u00e4t in Graz Geologie studiert, seit 1998 arbeitet er<\/p>\n","protected":false},"author":1,"featured_media":0,"parent":0,"menu_order":0,"comment_status":"closed","ping_status":"closed","template":"","meta":[],"_links":{"self":[{"href":"https:\/\/ubifo.at\/en\/wp-json\/wp\/v2\/pages\/694"}],"collection":[{"href":"https:\/\/ubifo.at\/en\/wp-json\/wp\/v2\/pages"}],"about":[{"href":"https:\/\/ubifo.at\/en\/wp-json\/wp\/v2\/types\/page"}],"author":[{"embeddable":true,"href":"https:\/\/ubifo.at\/en\/wp-json\/wp\/v2\/users\/1"}],"replies":[{"embeddable":true,"href":"https:\/\/ubifo.at\/en\/wp-json\/wp\/v2\/comments?post=694"}],"version-history":[{"count":3,"href":"https:\/\/ubifo.at\/en\/wp-json\/wp\/v2\/pages\/694\/revisions"}],"predecessor-version":[{"id":760,"href":"https:\/\/ubifo.at\/en\/wp-json\/wp\/v2\/pages\/694\/revisions\/760"}],"wp:attachment":[{"href":"https:\/\/ubifo.at\/en\/wp-json\/wp\/v2\/media?parent=694"}],"curies":[{"name":"wp","href":"https:\/\/api.w.org\/{rel}","templated":true}]}}