{"id":696,"date":"2024-06-04T10:55:28","date_gmt":"2024-06-04T08:55:28","guid":{"rendered":"https:\/\/ubifo.at\/?page_id=696"},"modified":"2024-06-04T10:56:10","modified_gmt":"2024-06-04T08:56:10","slug":"mag-clara-ginther-msc","status":"publish","type":"page","link":"https:\/\/ubifo.at\/en\/mag-clara-ginther-msc\/","title":{"rendered":"Mag. Clara Ginther, MSc"},"content":{"rendered":"<p>&nbsp;<\/p>\n<table class=\" alignleft\" style=\"width: 100%; height: 586px;\" border=\"0\" cellspacing=\"0\" cellpadding=\"0\">\n<tbody>\n<tr style=\"height: 793px;\">\n<td style=\"height: 10px; width: 21.8519%;\" align=\"left\" valign=\"top\" height=\"364\"><img loading=\"lazy\" class=\"alignnone wp-image-535\" src=\"https:\/\/ubifo.at\/wp-content\/uploads\/2022\/11\/Ginther_0018_10x15-002_b_w-200x300.jpg\" alt=\"\" width=\"105\" height=\"158\" srcset=\"https:\/\/ubifo.at\/wp-content\/uploads\/2022\/11\/Ginther_0018_10x15-002_b_w-200x300.jpg 200w, https:\/\/ubifo.at\/wp-content\/uploads\/2022\/11\/Ginther_0018_10x15-002_b_w-682x1024.jpg 682w, https:\/\/ubifo.at\/wp-content\/uploads\/2022\/11\/Ginther_0018_10x15-002_b_w-768x1152.jpg 768w, https:\/\/ubifo.at\/wp-content\/uploads\/2022\/11\/Ginther_0018_10x15-002_b_w-1024x1536.jpg 1024w, https:\/\/ubifo.at\/wp-content\/uploads\/2022\/11\/Ginther_0018_10x15-002_b_w.jpg 1181w\" sizes=\"(max-width: 105px) 100vw, 105px\" \/><\/td>\n<td style=\"height: 10px; width: 77.9012%;\" align=\"left\" valign=\"top\"><strong>Mag. Clara Ginther, MSc<\/strong><br \/>\n<span class=\"italicSmall\"><em>Veterin\u00e4rmedizinische Universit\u00e4t Wien<\/em><\/span>Clara Ginther (geb. 1976) studierte Katholische Theologie an der Universit\u00e4t Graz und der Universit\u00e4t Wien. Im Anschluss an ihr Studium widmete sie sich der Forschung unter anderem in Deutschland, England und Irland. Sie begann 2013 ihren beruflichen Weg im Bibliothekswesen an der Universit\u00e4tsbibliothek Graz zun\u00e4chst als Leiterin zweier Retrokatalogisierungsprojekte und ab 2015 als stellvertretende Leiterin der Abteilung Zeitschriften und Datenbanken. Dort erwarb sie auch ihren Master in Library and Information Studies. Zudem gestaltete sie den Aufbau der Publikationsservices an der Bibliothek mit. 2021 wechselte sie als Stellvertretende Leiterin an die Universit\u00e4tsbibliothek der Veterin\u00e4rmedizinischen Universit\u00e4t Wien. Im November 2022 wurde sie zur Leiterin der Bibliothek bestellt.<span class=\"italicSmall\"><br \/>\n<em><br \/>\nUB der Veterin\u00e4rmedizinischen Universit\u00e4t Wien<\/em><br \/>\n<em>Veterin\u00e4rplatz 1, 1210 Wien<\/em><br \/>\n<em>T: +43-1-25077-1402<\/em><br \/>\n<a href=\"mailto:Clara.Ginther@vetmeduni.ac.at\">Clara.Ginther@vetmeduni.ac.at<\/a>\u00a0<\/span><\/td>\n<\/tr>\n<tr style=\"height: 576px;\">\n<td style=\"width: 21.8519%; height: 576px;\"><\/td>\n<td style=\"width: 77.9012%; height: 576px;\"><em>University of Veterinary Medicine, Vienna<\/em><\/p>\n<p>Clara Ginther (born 1976) studied Catholic theology at the University of Graz and the University of Vienna. After completing her studies, she devoted herself to research in Germany, England and Ireland, among other places. She began her professional career in librarianship at the Graz University Library in 2013, initially as head of two retro-cataloging projects and from 2015 as deputy head of the journals and databases department. She also earned her Masters in Library and Information Studies there. She also helped set up the publication services at the library. In 2021 she moved to the University Library of the University of Veterinary Medicine in Vienna as Deputy Head. In November 2022 she was appointed head of the library.<\/p>\n<p><em>University Library \u2013 University of Veterinary Medicine, Vienna<\/em> <em>Veterin\u00e4rplatz 1, A-1210 Vienna<\/em><br \/>\n<em>Tel. +43 1 25077 1402<\/em><br \/>\n<a href=\"mailto:Clara.Ginther@vetmeduni.ac.at\">Clara.Ginther@vetmeduni.ac.at<\/a><\/td>\n<\/tr>\n<\/tbody>\n<\/table>\n","protected":false},"excerpt":{"rendered":"<p>&nbsp; Mag. Clara Ginther, MSc Veterin\u00e4rmedizinische Universit\u00e4t WienClara Ginther (geb. 1976) studierte Katholische Theologie an der Universit\u00e4t Graz und der<\/p>\n","protected":false},"author":1,"featured_media":0,"parent":0,"menu_order":0,"comment_status":"closed","ping_status":"closed","template":"","meta":[],"_links":{"self":[{"href":"https:\/\/ubifo.at\/en\/wp-json\/wp\/v2\/pages\/696"}],"collection":[{"href":"https:\/\/ubifo.at\/en\/wp-json\/wp\/v2\/pages"}],"about":[{"href":"https:\/\/ubifo.at\/en\/wp-json\/wp\/v2\/types\/page"}],"author":[{"embeddable":true,"href":"https:\/\/ubifo.at\/en\/wp-json\/wp\/v2\/users\/1"}],"replies":[{"embeddable":true,"href":"https:\/\/ubifo.at\/en\/wp-json\/wp\/v2\/comments?post=696"}],"version-history":[{"count":5,"href":"https:\/\/ubifo.at\/en\/wp-json\/wp\/v2\/pages\/696\/revisions"}],"predecessor-version":[{"id":739,"href":"https:\/\/ubifo.at\/en\/wp-json\/wp\/v2\/pages\/696\/revisions\/739"}],"wp:attachment":[{"href":"https:\/\/ubifo.at\/en\/wp-json\/wp\/v2\/media?parent=696"}],"curies":[{"name":"wp","href":"https:\/\/api.w.org\/{rel}","templated":true}]}}