{"id":698,"date":"2024-06-04T10:57:32","date_gmt":"2024-06-04T08:57:32","guid":{"rendered":"https:\/\/ubifo.at\/?page_id=698"},"modified":"2024-06-04T10:57:32","modified_gmt":"2024-06-04T08:57:32","slug":"mag-martina-horl","status":"publish","type":"page","link":"https:\/\/ubifo.at\/en\/mag-martina-horl\/","title":{"rendered":"Mag. Martina H\u00f6rl"},"content":{"rendered":"<table class=\" alignleft\" style=\"width: 100%; height: 658px;\" border=\"0\" cellspacing=\"0\" cellpadding=\"0\">\n<tbody>\n<tr style=\"height: 580px;\">\n<td style=\"height: 113px; width: 21.8519%;\" align=\"left\" valign=\"top\" height=\"230\"><img loading=\"lazy\" class=\"alignnone size-full wp-image-144\" src=\"http:\/\/ubifo.at\/wp-content\/uploads\/2018\/11\/hoerl.jpg\" alt=\"hoerl\" width=\"105\" height=\"140\" \/><\/td>\n<td style=\"height: 113px; width: 77.9012%;\" align=\"left\" valign=\"top\"><span class=\"italicSmall\"><em>Universit\u00e4t f\u00fcr Bodenkultur Wien<\/em><\/span><span class=\"text\">Martina H\u00f6rl absolvierte das Studium Biologie (Studienzweig Botanik mit Nebenfach Mikrobiologie) sowie die Bibliothekarische Ausbildung an der UB Wien und an der \u00d6sterreichischen Nationalbibliothek: Ausbildungslehrgang f\u00fcr die Verwendungsgruppe A \u2013 Bibliotheks-, Dokumentations- und Informationsdienst.<br \/>\nSie ist seit 1992 Mitarbeiterin an der Universit\u00e4tsbibliothek Bodenkultur Wien und wurde 1997 zur stellvertretenden Bibliotheksdirektorin ernannt. H\u00f6rl leitet die Bibliothek seit Dezember 2007 und hat 2008 das Universit\u00e4tsarchiv in ihren Verantwortungsbereich \u00fcbernommen.<\/span><span class=\"italicSmall\"><br \/>\n<em><br \/>\nUB der Universit\u00e4t f\u00fcr Bodenkultur Wien<\/em><br \/>\n<em>Peter-Jordan-Stra\u00dfe 82, 1190 Wien<\/em><br \/>\n<em>T: +43-1-47654-2051<\/em><br \/>\n<em><a href=\"mailto:martina.hoerl@boku.ac.at\">martina.hoerl@boku.ac.at<\/a><\/em><\/span><\/td>\n<\/tr>\n<tr style=\"height: 545px;\">\n<td style=\"width: 21.8519%; height: 545px;\"><\/td>\n<td style=\"width: 77.9012%; height: 545px;\"><em>University of Natural Resources and Life Sciences, Vienna<\/em><\/p>\n<p>Martina H\u00f6rl studied Biology (branch of study Botany with subsidiary subject Microbiology) and trained as a librarian at the Vienna University Library and at the Austrian National Library: training course for User Group A \u2013 Library, Information and Documentation Service. Since 1992, she has worked at the University Library of the University of Natural Resources and Life Sciences, Vienna and in 1997, she was appointed to the post of Assistant Library Director. H\u00f6rl has managed the library since December 2007 and in 2008, her sphere of responsibility was expanded to include the University Archive.<\/p>\n<p><em>University Library \u2013 University of Natural Resources and Life Sciences, Vienna<\/em> <em>Peter-Jordan-Strasse 82, A-1190 Vienna<\/em><br \/>\n<em>Tel. +43 1 47654 2051<\/em><br \/>\n<em><a href=\"mailto:martina.hoerl@boku.ac.at\">martina.hoerl@boku.ac.at<\/a><\/em><\/p>\n<p><span class=\"italicSmall\"><em>\u00a0<\/em><\/span><\/td>\n<\/tr>\n<\/tbody>\n<\/table>\n","protected":false},"excerpt":{"rendered":"<p>Universit\u00e4t f\u00fcr Bodenkultur WienMartina H\u00f6rl absolvierte das Studium Biologie (Studienzweig Botanik mit Nebenfach Mikrobiologie) sowie die Bibliothekarische Ausbildung an der<\/p>\n","protected":false},"author":1,"featured_media":0,"parent":0,"menu_order":0,"comment_status":"closed","ping_status":"closed","template":"","meta":[],"_links":{"self":[{"href":"https:\/\/ubifo.at\/en\/wp-json\/wp\/v2\/pages\/698"}],"collection":[{"href":"https:\/\/ubifo.at\/en\/wp-json\/wp\/v2\/pages"}],"about":[{"href":"https:\/\/ubifo.at\/en\/wp-json\/wp\/v2\/types\/page"}],"author":[{"embeddable":true,"href":"https:\/\/ubifo.at\/en\/wp-json\/wp\/v2\/users\/1"}],"replies":[{"embeddable":true,"href":"https:\/\/ubifo.at\/en\/wp-json\/wp\/v2\/comments?post=698"}],"version-history":[{"count":2,"href":"https:\/\/ubifo.at\/en\/wp-json\/wp\/v2\/pages\/698\/revisions"}],"predecessor-version":[{"id":742,"href":"https:\/\/ubifo.at\/en\/wp-json\/wp\/v2\/pages\/698\/revisions\/742"}],"wp:attachment":[{"href":"https:\/\/ubifo.at\/en\/wp-json\/wp\/v2\/media?parent=698"}],"curies":[{"name":"wp","href":"https:\/\/api.w.org\/{rel}","templated":true}]}}