{"id":700,"date":"2024-06-04T10:57:53","date_gmt":"2024-06-04T08:57:53","guid":{"rendered":"https:\/\/ubifo.at\/?page_id=700"},"modified":"2024-06-04T10:57:53","modified_gmt":"2024-06-04T08:57:53","slug":"mag-michael-kranewitter","status":"publish","type":"page","link":"https:\/\/ubifo.at\/en\/mag-michael-kranewitter\/","title":{"rendered":"Mag. Michael Kranewitter"},"content":{"rendered":"<table class=\" alignleft\" style=\"width: 100%; height: 882px;\" border=\"0\" cellspacing=\"0\" cellpadding=\"0\">\n<tbody>\n<tr style=\"height: 542px;\">\n<td style=\"width: 21.8519%; text-align: left; vertical-align: top; height: 542px;\"><img loading=\"lazy\" class=\"alignnone wp-image-618\" src=\"https:\/\/ubifo.at\/wp-content\/uploads\/2024\/01\/M_Kranewitter-231x300.jpg\" alt=\"\" width=\"105\" height=\"137\" srcset=\"https:\/\/ubifo.at\/wp-content\/uploads\/2024\/01\/M_Kranewitter-231x300.jpg 231w, https:\/\/ubifo.at\/wp-content\/uploads\/2024\/01\/M_Kranewitter-788x1024.jpg 788w, https:\/\/ubifo.at\/wp-content\/uploads\/2024\/01\/M_Kranewitter-768x999.jpg 768w, https:\/\/ubifo.at\/wp-content\/uploads\/2024\/01\/M_Kranewitter-1181x1536.jpg 1181w, https:\/\/ubifo.at\/wp-content\/uploads\/2024\/01\/M_Kranewitter-1575x2048.jpg 1575w, https:\/\/ubifo.at\/wp-content\/uploads\/2024\/01\/M_Kranewitter.jpg 1759w\" sizes=\"(max-width: 105px) 100vw, 105px\" \/><\/td>\n<td style=\"width: 77.9012%; height: 542px;\"><em><span class=\"bold\">Johannes Kepler Universit\u00e4t Linz<\/span><\/em><\/p>\n<p>Michael Kranewitter (geb. 1977) studierte Geschichte mit F\u00e4cherkombination Politikwissenschaft, Publizistik und Osteurop\u00e4ischer Geschichte an der Universit\u00e4t Wien. Zwischen 2008 und 2011 besuchte er den Universit\u00e4tslehrgang Library and Information Studies und arbeitete von 2009 bis 2011 als EU-Projektmitarbeiter in der Abteilung Forschung und Entwicklung der \u00d6sterreichischen Nationalbibliothek. Seit 2014 ist er Mitarbeiter der Universit\u00e4tsbibliothek der Johannes Kepler Universit\u00e4t Linz, wo er ab 2018 das Referat \u201eLizenzmanagement und Wissenschaftsservice\u201c leitete. 2023 \u00fcbernahm er die Leitung der Universit\u00e4tsbibliothek Linz.<\/p>\n<p>Johannes Kepler Universit\u00e4t Linz<br \/>\nAltenberger Stra\u00dfe 69 , 4040 Linz<br \/>\nHauptbibliothek, Raum 107<br \/>\nT: +43 (0)732 2468-4840<br \/>\n<em><a href=\"mailto:michael.kranewitter@jku.at\">michael.kranewitter@jku.at<\/a><\/em><\/td>\n<\/tr>\n<tr style=\"height: 340px;\">\n<td style=\"width: 21.8519%; text-align: left; vertical-align: top; height: 340px;\"><\/td>\n<td style=\"width: 77.9012%; height: 340px;\">Johannes Kepler University Linz<\/p>\n<p>Michael Kranewitter (born 1977) studied history with a combination of political science, journalism and Eastern European history at the University of Vienna. Between 2008 and 2011 he attended the university course in Library and Information Studies and from 2009 to 2011 worked as an EU project employee in the Research and Development department of the Austrian National Library. Since 2014 he has been an employee of the university library at Johannes Kepler University Linz, where he headed the \u201cLicense Management and Research Service\u201d department from 2018. In 2023 he took over the management of the Linz University Library.<\/p>\n<p>Johannes Kepler Universit\u00e4t Linz<br \/>\nAltenberger Stra\u00dfe 69 , 4040 Linz<br \/>\nHauptbibliothek, Raum 107<br \/>\nT: +43 (0)732 2468-4840<br \/>\n<em><a href=\"mailto:michael.kranewitter@jku.at\">michael.kranewitter@jku.at<\/a><\/em><\/td>\n<\/tr>\n<\/tbody>\n<\/table>\n","protected":false},"excerpt":{"rendered":"<p>Johannes Kepler Universit\u00e4t Linz Michael Kranewitter (geb. 1977) studierte Geschichte mit F\u00e4cherkombination Politikwissenschaft, Publizistik und Osteurop\u00e4ischer Geschichte an der Universit\u00e4t<\/p>\n","protected":false},"author":1,"featured_media":0,"parent":0,"menu_order":0,"comment_status":"closed","ping_status":"closed","template":"","meta":[],"_links":{"self":[{"href":"https:\/\/ubifo.at\/en\/wp-json\/wp\/v2\/pages\/700"}],"collection":[{"href":"https:\/\/ubifo.at\/en\/wp-json\/wp\/v2\/pages"}],"about":[{"href":"https:\/\/ubifo.at\/en\/wp-json\/wp\/v2\/types\/page"}],"author":[{"embeddable":true,"href":"https:\/\/ubifo.at\/en\/wp-json\/wp\/v2\/users\/1"}],"replies":[{"embeddable":true,"href":"https:\/\/ubifo.at\/en\/wp-json\/wp\/v2\/comments?post=700"}],"version-history":[{"count":2,"href":"https:\/\/ubifo.at\/en\/wp-json\/wp\/v2\/pages\/700\/revisions"}],"predecessor-version":[{"id":743,"href":"https:\/\/ubifo.at\/en\/wp-json\/wp\/v2\/pages\/700\/revisions\/743"}],"wp:attachment":[{"href":"https:\/\/ubifo.at\/en\/wp-json\/wp\/v2\/media?parent=700"}],"curies":[{"name":"wp","href":"https:\/\/api.w.org\/{rel}","templated":true}]}}