{"id":702,"date":"2024-06-04T10:53:37","date_gmt":"2024-06-04T08:53:37","guid":{"rendered":"https:\/\/ubifo.at\/?page_id=702"},"modified":"2025-11-10T08:20:27","modified_gmt":"2025-11-10T07:20:27","slug":"david-frank","status":"publish","type":"page","link":"https:\/\/ubifo.at\/en\/david-frank\/","title":{"rendered":"David Frank, Dipl.-Bibliothekar (FH)"},"content":{"rendered":"<p>&nbsp;<\/p>\n<table class=\" alignleft\" style=\"width: 100%; height: 437px;\" border=\"0\" cellspacing=\"0\" cellpadding=\"0\">\n<tbody>\n<tr style=\"height: 704px;\">\n<td style=\"height: 10px; width: 21.8519%;\" align=\"left\" valign=\"top\" height=\"358\"><img loading=\"lazy\" class=\"alignnone size-full wp-image-773\" src=\"https:\/\/ubifo.at\/wp-content\/uploads\/2025\/11\/frank.jpg\" alt=\"\" width=\"105\" height=\"140\" \/><\/td>\n<td style=\"height: 10px; width: 77.9012%;\" align=\"left\" valign=\"top\">\n<div><span lang=\"DE\">David Frank (Jahrgang 1970) studierte Bibliotheks- und Informationsmanagement an der Hochschule f\u00fcr Angewandte Wissenschaften in Hamburg. Erg\u00e4nzend sammelte er durch Praktika in Bibliotheken weltweit wertvolle internationale Erfahrungen. Seine berufliche Laufbahn im \u00f6sterreichischen Bibliothekswesen begann er an der Universit\u00e4tsbibliothek der Veterin\u00e4rmedizinischen Universit\u00e4t Wien, wo er die Abteilung Information leitete und in Folge als stellvertretender Bibliotheksleiter t\u00e4tig war. Anschlie\u00dfend wechselte er als Deputy Director an die Bibliothek der Central European University (CEU Library). Seit Oktober 2025 ist er Leiter der Organisationseinheit Bibliothek und Archiv an der Technischen Universit\u00e4t Graz.<\/span><\/div>\n<p style=\"font-weight: 400;\"><em>Technische Universit\u00e4t Graz<\/em><br \/>\n<em>Bibliothek und Archiv<\/em><br \/>\n<em>Technikerstra\u00dfe 4, 8010 Graz<\/em><br \/>\n<em>T +43 316 873 &#8211; 6150<\/em><\/p>\n<p style=\"font-weight: 400;\"><a href=\"mailto:david.frank@tugraz.at\" target=\"_blank\" rel=\"noopener noreferrer\"><em>david.frank@tugraz.at<\/em><\/a><\/p>\n<\/td>\n<\/tr>\n<tr style=\"height: 634px;\">\n<td style=\"width: 21.8519%; height: 427px;\"><\/td>\n<td style=\"width: 77.9012%; height: 427px;\"><em>Graz University of Technology<\/em><\/p>\n<div>David Frank (born in 1970) studied library and information management at the University of Applied Sciences in Hamburg. He also gained valuable international experience through internships in libraries around the world. He began his professional career in Austrian librarianship at the University Library of the University of Veterinary Medicine Vienna, where he headed the Information Department and subsequently served as Deputy Library Director. He then moved to the Central European University Library (CEU Library) as Deputy Director. Since October 2025, he has been Head of the Library and Archives organisational unit at Graz University of Technology.<\/div>\n<\/td>\n<\/tr>\n<\/tbody>\n<\/table>\n<p>&nbsp;<\/p>\n","protected":false},"excerpt":{"rendered":"<p>&nbsp; David Frank (Jahrgang 1970) studierte Bibliotheks- und Informationsmanagement an der Hochschule f\u00fcr Angewandte Wissenschaften in Hamburg. Erg\u00e4nzend sammelte er<\/p>\n","protected":false},"author":1,"featured_media":0,"parent":0,"menu_order":0,"comment_status":"closed","ping_status":"closed","template":"","meta":[],"_links":{"self":[{"href":"https:\/\/ubifo.at\/en\/wp-json\/wp\/v2\/pages\/702"}],"collection":[{"href":"https:\/\/ubifo.at\/en\/wp-json\/wp\/v2\/pages"}],"about":[{"href":"https:\/\/ubifo.at\/en\/wp-json\/wp\/v2\/types\/page"}],"author":[{"embeddable":true,"href":"https:\/\/ubifo.at\/en\/wp-json\/wp\/v2\/users\/1"}],"replies":[{"embeddable":true,"href":"https:\/\/ubifo.at\/en\/wp-json\/wp\/v2\/comments?post=702"}],"version-history":[{"count":6,"href":"https:\/\/ubifo.at\/en\/wp-json\/wp\/v2\/pages\/702\/revisions"}],"predecessor-version":[{"id":774,"href":"https:\/\/ubifo.at\/en\/wp-json\/wp\/v2\/pages\/702\/revisions\/774"}],"wp:attachment":[{"href":"https:\/\/ubifo.at\/en\/wp-json\/wp\/v2\/media?parent=702"}],"curies":[{"name":"wp","href":"https:\/\/api.w.org\/{rel}","templated":true}]}}