{"id":704,"date":"2024-06-04T10:53:04","date_gmt":"2024-06-04T08:53:04","guid":{"rendered":"https:\/\/ubifo.at\/?page_id=704"},"modified":"2024-11-12T14:22:45","modified_gmt":"2024-11-12T13:22:45","slug":"dr-manfred-lechner","status":"publish","type":"page","link":"https:\/\/ubifo.at\/en\/dr-manfred-lechner\/","title":{"rendered":"Dr. Manfred Lechner"},"content":{"rendered":"<table class=\" alignleft\" style=\"width: 100%; height: 675px;\" border=\"0\" cellspacing=\"0\" cellpadding=\"0\">\n<tbody>\n<tr style=\"height: 665px;\">\n<td style=\"height: 10px; width: 21.8519%;\" align=\"left\" valign=\"top\"><img loading=\"lazy\" class=\"alignnone size-full wp-image-149\" src=\"http:\/\/ubifo.at\/wp-content\/uploads\/2018\/11\/lechner.jpg\" alt=\"lechner\" width=\"105\" height=\"140\" \/><\/td>\n<td style=\"height: 10px; width: 77.9012%;\" align=\"left\" valign=\"top\"><em><span class=\"italicSmall\">Kunstuniversit\u00e4t Linz<\/span><\/em>Manfred Lechner (geb. 1964) studierte Geschichte an der Universit\u00e4t Graz. Nach dem Studium war er wissenschaftlicher Mitarbeiter am Ludwig Boltzmann Institut f\u00fcr Gesellschafts- und Kulturgeschichte Graz, Lektor an der Universit\u00e4t Graz, Gesch\u00e4ftsf\u00fchrer der Buchhandlung \u201eUniShop\u201c in Graz sowie Senior Researcher am Institut f\u00fcr Geschichte der Universit\u00e4t Graz. 2003 wurde Lechner zum Bibliotheksdirektor an der Kunstuniversit\u00e4t Linz bestellt. Zus\u00e4tzlich \u00fcbt er an der Kunstuniversit\u00e4t Linz Funktionen als Vizerektor f\u00fcr Forschung (2005-2011), Stabstelle f\u00fcr Finanzen (2011-2015) und als Vizerektor f\u00fcr Finanzen (2015-2019) aus.<\/p>\n<p class=\"italicSmall\"><em>UB der Kunstuniversit\u00e4t Linz<\/em><br \/>\n<em>Hauptplatz 8, 4020 Linz<\/em><br \/>\n<em>T: +43-732-7898 2259 <\/em><br \/>\n<a href=\"mailto:bibliothek.leitung@kunstuni-linz.at\">bibliothek.leitung@kunstuni-linz.at<\/a><\/p>\n<p><em><span class=\"italicSmall\">Skills: Forschungsf\u00f6rderung, Finanzierung<\/span><\/em><\/td>\n<\/tr>\n<tr style=\"height: 665px;\">\n<td style=\"width: 21.8519%; height: 665px;\"><\/td>\n<td style=\"width: 77.9012%; height: 665px;\"><em>University of Arts Linz<\/em><\/p>\n<p>Manfred Lechner (born in 1964) studied History at the University of Graz. On completing his studies, he was a scientific member of staff at the Ludwig Boltzmann Institute for Social and Cultural History Graz, lecturer at the University of Graz, Managing Director of the \u2018UniShop\u2019 book shop in Graz and a senior researcher at the Institute for History at the University of Graz. In 2003, Lechner was appointed to the post of Library Director at the University of Art and Design Linz. In addition, he exercises functions at the University of Art and Design Linz as Vice Rector for Research (2005 \u2013 2011), Administrative Department for Finances (2011 \u2013 2015) and as Vice Rector for Finances (2015-2019).<\/p>\n<p><em>University Library \u2013 University of Arts Linz<\/em><br \/>\n<em>Hauptplatz 8, A-4020 Linz<br \/>\nTel.: +43 732 7898 2259<br \/>\n<a href=\"mailto:bibliothek.leitung@kunstuni-linz.at\">bibliothek.leitung@kunstuni-linz.at<\/a><\/em><\/p>\n<p><em>Skills: Promotion of research, finance<\/em><\/p>\n<p><em><span class=\"italicSmall\">\u00a0<\/span><\/em><\/td>\n<\/tr>\n<\/tbody>\n<\/table>\n<p>&nbsp;<\/p>\n","protected":false},"excerpt":{"rendered":"<p>Kunstuniversit\u00e4t LinzManfred Lechner (geb. 1964) studierte Geschichte an der Universit\u00e4t Graz. Nach dem Studium war er wissenschaftlicher Mitarbeiter am Ludwig<\/p>\n","protected":false},"author":1,"featured_media":0,"parent":0,"menu_order":0,"comment_status":"closed","ping_status":"closed","template":"","meta":[],"_links":{"self":[{"href":"https:\/\/ubifo.at\/en\/wp-json\/wp\/v2\/pages\/704"}],"collection":[{"href":"https:\/\/ubifo.at\/en\/wp-json\/wp\/v2\/pages"}],"about":[{"href":"https:\/\/ubifo.at\/en\/wp-json\/wp\/v2\/types\/page"}],"author":[{"embeddable":true,"href":"https:\/\/ubifo.at\/en\/wp-json\/wp\/v2\/users\/1"}],"replies":[{"embeddable":true,"href":"https:\/\/ubifo.at\/en\/wp-json\/wp\/v2\/comments?post=704"}],"version-history":[{"count":2,"href":"https:\/\/ubifo.at\/en\/wp-json\/wp\/v2\/pages\/704\/revisions"}],"predecessor-version":[{"id":730,"href":"https:\/\/ubifo.at\/en\/wp-json\/wp\/v2\/pages\/704\/revisions\/730"}],"wp:attachment":[{"href":"https:\/\/ubifo.at\/en\/wp-json\/wp\/v2\/media?parent=704"}],"curies":[{"name":"wp","href":"https:\/\/api.w.org\/{rel}","templated":true}]}}