{"id":706,"date":"2024-06-04T10:54:28","date_gmt":"2024-06-04T08:54:28","guid":{"rendered":"https:\/\/ubifo.at\/?page_id=706"},"modified":"2024-06-04T10:54:28","modified_gmt":"2024-06-04T08:54:28","slug":"mag-christa-muller","status":"publish","type":"page","link":"https:\/\/ubifo.at\/en\/mag-christa-muller\/","title":{"rendered":"Mag. Christa M\u00fcller"},"content":{"rendered":"<table class=\" alignleft\" border=\"0\" cellspacing=\"0\" cellpadding=\"0\">\n<tbody>\n<tr style=\"height: 576px;\">\n<td style=\"height: 576px; width: 21.8519%;\" align=\"left\" valign=\"top\"><img loading=\"lazy\" class=\"alignnone size-full wp-image-478\" src=\"https:\/\/ubifo.at\/wp-content\/uploads\/2021\/02\/mueller.jpg\" alt=\"\" width=\"105\" height=\"140\" \/><\/td>\n<td style=\"height: 576px; width: 77.9012%;\"><span class=\"bold\"><i>\u00d6sterreichische Nationalbibliothek<\/i><\/span><\/p>\n<p>Christa M\u00fcller (geb. 1970) studierte Germanistik, Geschichte, Kunstgeschichte, Musikwissenschaften und Publizistik. Im Zuge der Ausbildung f\u00fcr die Verwendungsgruppe A Bibliotheks-, Dokumentations- und Informationsdienst absolvierte sie mehrere Praktika in den Vereinigten Staaten von Amerika. Seit 1996 an der \u00d6sterreichischen Nationalbibliothek, leitete sie ab 2002 die Stabstelle Digitalisierung, ab 2008 die Abteilung Digitale Services und ab 2020 die Hauptabteilung Bestandsaufbau und Bearbeitung. Sie ist in mehreren nationalen und internationalen Gremien aktiv. Dar\u00fcber hinaus h\u00e4lt sie Vortr\u00e4ge und unterrichtet u. a. im Universit\u00e4tslehrgang Library and Information Studies.<\/p>\n<p><em>\u00d6sterreichische Nationalbibliothek<\/em><br \/>\n<em>Josefsplatz 1, A-1015 Wien, \u00d6sterreich<\/em><br \/>\n<em>T: +43\/1\/53410\/430<\/em><br \/>\n<em><a href=\"mailto:christa.mueller@onb.ac.at\">christa.mueller@onb.ac.at<\/a><\/em><\/td>\n<\/tr>\n<tr>\n<td style=\"width: 21.8519%;\"><\/td>\n<td style=\"width: 77.9012%;\"><span class=\"bold\"><i>Austrian National Library<\/i><\/span><\/p>\n<p>Christa M\u00fcller (born 1970) studied German Philology, History, Art History, Musicology and Journalism. As part of her training for the Library, Documentation and Information Service Group A, she completed several internships in the United States of America. At the Austrian National Library since 1996, she headed the Digitization Department from 2002, the Digital Services Department from 2008 and the Main Department Inventory Creation and Processing from 2020. She is active in several national and international committees. In addition, she gives lectures and teaches amongst other things in the university course Library and Information Studies.<\/p>\n<p><span class=\"bold\"><em>Austrian National Library<\/em><br \/>\n<em>Josefsplatz 1, A-1015 Wien, \u00d6sterreich<\/em><br \/>\n<em>T: +43\/1\/53410\/430<\/em><br \/>\n<em><a href=\"mailto:christa.mueller@onb.ac.at\">christa.mueller@onb.ac.at<\/a><\/em>\u00a0<\/span><\/p>\n<p><span class=\"bold\"><i>\u00a0<\/i><\/span><\/td>\n<\/tr>\n<\/tbody>\n<\/table>\n","protected":false},"excerpt":{"rendered":"<p>\u00d6sterreichische Nationalbibliothek Christa M\u00fcller (geb. 1970) studierte Germanistik, Geschichte, Kunstgeschichte, Musikwissenschaften und Publizistik. Im Zuge der Ausbildung f\u00fcr die Verwendungsgruppe<\/p>\n","protected":false},"author":1,"featured_media":0,"parent":0,"menu_order":0,"comment_status":"closed","ping_status":"closed","template":"","meta":[],"_links":{"self":[{"href":"https:\/\/ubifo.at\/en\/wp-json\/wp\/v2\/pages\/706"}],"collection":[{"href":"https:\/\/ubifo.at\/en\/wp-json\/wp\/v2\/pages"}],"about":[{"href":"https:\/\/ubifo.at\/en\/wp-json\/wp\/v2\/types\/page"}],"author":[{"embeddable":true,"href":"https:\/\/ubifo.at\/en\/wp-json\/wp\/v2\/users\/1"}],"replies":[{"embeddable":true,"href":"https:\/\/ubifo.at\/en\/wp-json\/wp\/v2\/comments?post=706"}],"version-history":[{"count":1,"href":"https:\/\/ubifo.at\/en\/wp-json\/wp\/v2\/pages\/706\/revisions"}],"predecessor-version":[{"id":707,"href":"https:\/\/ubifo.at\/en\/wp-json\/wp\/v2\/pages\/706\/revisions\/707"}],"wp:attachment":[{"href":"https:\/\/ubifo.at\/en\/wp-json\/wp\/v2\/media?parent=706"}],"curies":[{"name":"wp","href":"https:\/\/api.w.org\/{rel}","templated":true}]}}