{"id":708,"date":"2024-06-04T10:56:46","date_gmt":"2024-06-04T08:56:46","guid":{"rendered":"https:\/\/ubifo.at\/?page_id=708"},"modified":"2024-06-04T10:56:46","modified_gmt":"2024-06-04T08:56:46","slug":"mag-eva-ramminger","status":"publish","type":"page","link":"https:\/\/ubifo.at\/en\/mag-eva-ramminger\/","title":{"rendered":"Mag. Eva Ramminger"},"content":{"rendered":"<table class=\" alignleft\" style=\"width: 100%; height: 959px;\" border=\"0\" cellspacing=\"0\" cellpadding=\"0\">\n<tbody>\n<tr style=\"height: 758px;\">\n<td style=\"height: 298px; width: 21.8519%;\" align=\"left\" valign=\"top\" height=\"341\"><img loading=\"lazy\" class=\"alignnone size-full wp-image-157\" src=\"http:\/\/ubifo.at\/wp-content\/uploads\/2018\/11\/ramminger.jpg\" alt=\"ramminger\" width=\"105\" height=\"140\" \/><\/td>\n<td style=\"height: 298px; width: 77.9012%;\" align=\"left\" valign=\"top\"><span class=\"bold\"><strong>Mag. Eva Ramminger<\/strong><\/span><br \/>\n<span class=\"italicSmall\"><em>Universit\u00e4t Innsbruck<\/em><\/span><span class=\"text\">Eva Ramminger (geb. 1966) startete ihre Berufslaufbahn 1985 an der Universit\u00e4tsbibliothek Innsbruck, 1993 schloss sie ein Studium der Kunstgeschichte und Klassischen Arch\u00e4ologie an der dortigen Universit\u00e4t ab. Sie war zun\u00e4chst im Bereich des historischen Buches t\u00e4tig, verlagerte ab 2000 ihren fachlichen Schwerpunkt in den Auskunfts- und Informationsbereich sowie die bibliothekarische Ausbildung. 2003 wechselte sie an die ETH-Bibliothek Z\u00fcrich und war dort f\u00fcr den Bereich Information und Spezialbibliotheken verantwortlich. Von 2010 bis 2016 hatte sie die Funktion der Bibliotheksdirektorin an der Universit\u00e4tsbibliothek der Technischen Universit\u00e4t Wien inne. Mit Februar 2016 \u00fcbernahm sie die Leitung der Universit\u00e4ts- und Landesbibliothek Tirol.<\/span><\/p>\n<p class=\"italicSmall\"><em>Universit\u00e4ts- und Landesbibliothek Tirol<\/em><br \/>\n<em>Innrain 50, 6020 Innsbruck<\/em><br \/>\n<em>T: +43-512-507-2400<\/em><br \/>\n<em><a href=\"mailto:eva.ramminger@uibk.ac.at\">eva.ramminger@uibk.ac.at <\/a><\/em><\/p>\n<p><em>Skills: Bibliotheks- und Qualit\u00e4tsmanagement, Organisations- und Ver\u00e4nderungsmanagement, Personalentwicklung, Bibliotheksbau<\/em><\/td>\n<\/tr>\n<tr style=\"height: 661px;\">\n<td style=\"width: 21.8519%; height: 661px;\"><\/td>\n<td style=\"width: 77.9012%; height: 661px;\"><em>University of Innsbruck<\/em><\/p>\n<p>Eva Ramminger (born in 1966) began her career in 1985 at the Innsbruck University Library and in 1993, she completed a course in Art History and Classic Archaeology at the same university. Initially, she worked in the field of historic books and from 2000 she changed her specialist focus to the information field and undertook training as a librarian. In 2003, she moved to ETH Zurich and there she was responsible for the field of information and specialist libraries. From 2010 to 2016, she held the position of Library Director at the University Library at the Vienna University of Technology. In February 2016, she assumed management of the University and State Library Tyrol.<\/p>\n<p><em>University and State Library Tyrol<\/em> <em>Innrain 50, 6020 Innsbruck<\/em><br \/>\n<em>Tel.: +43 512 507 2400<\/em><br \/>\n<em><a href=\"mailto:eva.ramminger@uibk.ac.at\">eva.ramminger@uibk.ac.at<\/a><\/em><\/p>\n<p><em>Skills: Library and quality management, organisational management and management of change, personnel development, library building<\/em><\/p>\n<p><span class=\"bold\"><strong>\u00a0<\/strong><\/span><\/td>\n<\/tr>\n<\/tbody>\n<\/table>\n","protected":false},"excerpt":{"rendered":"<p>Mag. Eva Ramminger Universit\u00e4t InnsbruckEva Ramminger (geb. 1966) startete ihre Berufslaufbahn 1985 an der Universit\u00e4tsbibliothek Innsbruck, 1993 schloss sie ein<\/p>\n","protected":false},"author":1,"featured_media":0,"parent":0,"menu_order":0,"comment_status":"closed","ping_status":"closed","template":"","meta":[],"_links":{"self":[{"href":"https:\/\/ubifo.at\/en\/wp-json\/wp\/v2\/pages\/708"}],"collection":[{"href":"https:\/\/ubifo.at\/en\/wp-json\/wp\/v2\/pages"}],"about":[{"href":"https:\/\/ubifo.at\/en\/wp-json\/wp\/v2\/types\/page"}],"author":[{"embeddable":true,"href":"https:\/\/ubifo.at\/en\/wp-json\/wp\/v2\/users\/1"}],"replies":[{"embeddable":true,"href":"https:\/\/ubifo.at\/en\/wp-json\/wp\/v2\/comments?post=708"}],"version-history":[{"count":3,"href":"https:\/\/ubifo.at\/en\/wp-json\/wp\/v2\/pages\/708\/revisions"}],"predecessor-version":[{"id":740,"href":"https:\/\/ubifo.at\/en\/wp-json\/wp\/v2\/pages\/708\/revisions\/740"}],"wp:attachment":[{"href":"https:\/\/ubifo.at\/en\/wp-json\/wp\/v2\/media?parent=708"}],"curies":[{"name":"wp","href":"https:\/\/api.w.org\/{rel}","templated":true}]}}