{"id":712,"date":"2024-06-04T10:59:14","date_gmt":"2024-06-04T08:59:14","guid":{"rendered":"https:\/\/ubifo.at\/?page_id=712"},"modified":"2024-11-12T14:22:06","modified_gmt":"2024-11-12T13:22:06","slug":"mag-andreas-rotheneder","status":"publish","type":"page","link":"https:\/\/ubifo.at\/en\/mag-andreas-rotheneder\/","title":{"rendered":"Mag. Andreas Rotheneder"},"content":{"rendered":"<table class=\" alignleft\" style=\"width: 100%; height: 683px;\" border=\"0\" cellspacing=\"0\" cellpadding=\"0\">\n<tbody>\n<tr style=\"height: 545px;\">\n<td style=\"height: 173px; width: 21.8519%;\" align=\"left\" valign=\"top\"><img loading=\"lazy\" class=\"alignnone size-full wp-image-754\" src=\"https:\/\/ubifo.at\/wp-content\/uploads\/2024\/11\/Andreas-Rotheneder_Foto-002-e1731416748559.jpg\" alt=\"\" width=\"105\" height=\"157\" \/><\/td>\n<td style=\"height: 173px; width: 77.9012%;\" align=\"left\" valign=\"top\">\n<p class=\"bold\"><em><span class=\"italicSmall\">Universit\u00e4t Salzburg<\/span><\/em><\/p>\n<p>Andreas Rotheneder (geb. 1987) studierte Philosophie an der Kultur und Gesellschaftswissenschaftlichen Fakult\u00e4t der Paris Lodron Universit\u00e4t Salzburg (PLUS). Seit dem Jahr 2011 ist er an der Universit\u00e4tsbibliothek der PLUS t\u00e4tig. Er war u.a. in den Bereichen Benutzung, Formalerschlie\u00dfung, E-Ressourcen-Management, Erwerbung und als Systembibliothekar t\u00e4tig, sowie in verschiedenen Arbeitsgruppen im Rahmen des \u00d6sterreichischen Bibliothekenverbundes engagiert.\u00a0 Von 2022 bis 2024 war er Vorsitzender des Kooperationsausschusses der Kooperation E-Medien \u00d6sterreich. Seit November 2024 leitet er die Universit\u00e4tsbibliothek Salzburg.<\/p>\n<p class=\"italicSmall\"><em>UB der Universit\u00e4t Salzburg<\/em><br \/>\n<em>Hofstallgasse 2-4, 5020 Salzburg<\/em><br \/>\n<em>T: +43-662-8044-77330<\/em><br \/>\n<a href=\"mailto:andreas.rotheneder@plus.ac.at\">andreas.rotheneder@plus.ac.at<\/a><\/p>\n<\/td>\n<\/tr>\n<tr style=\"height: 510px;\">\n<td style=\"width: 21.8519%; height: 510px;\"><\/td>\n<td style=\"width: 77.9012%; height: 510px;\">\n<p class=\"bold\"><em>University of Salzburg<\/em><\/p>\n<p>Andreas Rotheneder (born 1987) studied philosophy at the Faculty of Humanities, Arts &#038; Social Sciences at Paris Lodron University Salzburg (PLUS). He started working at the PLUS University Library in 2011. Among other things, he was involved in reader services, formal cataloging, e-resource management, acquisition and systems librarianship, as well as participating in various working groups within the Austrian Library Network. From 2022 to 2024 he was chairman of the steering board of the Austrian Academic Library Consortium. He took over as head librarian at Salzburg University Library in November 2024.<\/p>\n<p class=\"bold\"><em>University Library \u2013 University of Salzburg<\/em> <em>Hofstallgasse 2-4, A-5020 Salzburg<\/em><br \/>\n<em>Tel. +43 662 8044 77330<\/em><br \/>\n<a href=\"mailto:andreas.rotheneder@plus.ac.at\">andreas.rotheneder@plus.ac.at<\/a><\/p>\n<p class=\"bold\"><strong><span class=\"text\">\u00a0<\/span><\/strong><\/p>\n<\/td>\n<\/tr>\n<\/tbody>\n<\/table>\n<p>&nbsp;<\/p>\n","protected":false},"excerpt":{"rendered":"<p>Universit\u00e4t Salzburg Andreas Rotheneder (geb. 1987) studierte Philosophie an der Kultur und Gesellschaftswissenschaftlichen Fakult\u00e4t der Paris Lodron Universit\u00e4t Salzburg (PLUS).<\/p>\n","protected":false},"author":1,"featured_media":0,"parent":0,"menu_order":0,"comment_status":"closed","ping_status":"closed","template":"","meta":[],"_links":{"self":[{"href":"https:\/\/ubifo.at\/en\/wp-json\/wp\/v2\/pages\/712"}],"collection":[{"href":"https:\/\/ubifo.at\/en\/wp-json\/wp\/v2\/pages"}],"about":[{"href":"https:\/\/ubifo.at\/en\/wp-json\/wp\/v2\/types\/page"}],"author":[{"embeddable":true,"href":"https:\/\/ubifo.at\/en\/wp-json\/wp\/v2\/users\/1"}],"replies":[{"embeddable":true,"href":"https:\/\/ubifo.at\/en\/wp-json\/wp\/v2\/comments?post=712"}],"version-history":[{"count":6,"href":"https:\/\/ubifo.at\/en\/wp-json\/wp\/v2\/pages\/712\/revisions"}],"predecessor-version":[{"id":759,"href":"https:\/\/ubifo.at\/en\/wp-json\/wp\/v2\/pages\/712\/revisions\/759"}],"wp:attachment":[{"href":"https:\/\/ubifo.at\/en\/wp-json\/wp\/v2\/media?parent=712"}],"curies":[{"name":"wp","href":"https:\/\/api.w.org\/{rel}","templated":true}]}}