{"id":714,"date":"2024-06-04T10:54:06","date_gmt":"2024-06-04T08:54:06","guid":{"rendered":"https:\/\/ubifo.at\/?page_id=714"},"modified":"2024-06-04T10:54:06","modified_gmt":"2024-06-04T08:54:06","slug":"mag-barbara-schwarz-raminger","status":"publish","type":"page","link":"https:\/\/ubifo.at\/en\/mag-barbara-schwarz-raminger\/","title":{"rendered":"Mag. Barbara Schwarz-Raminger"},"content":{"rendered":"<table class=\" alignleft\" style=\"width: 100%; height: 926px;\" border=\"0\" cellspacing=\"0\" cellpadding=\"0\">\n<tbody>\n<tr style=\"height: 696px;\">\n<td style=\"height: 265px; width: 21.8519%;\" align=\"left\" valign=\"top\" height=\"379\"><img loading=\"lazy\" class=\"alignnone size-full wp-image-126\" src=\"http:\/\/ubifo.at\/wp-content\/uploads\/2018\/11\/schwarzraminger.jpg\" alt=\"schwarzRaminger\" width=\"105\" height=\"140\" \/><\/td>\n<td style=\"height: 265px; width: 77.9012%;\" align=\"left\" valign=\"top\"><em><span class=\"italicSmall\">Universit\u00e4t Mozarteum Salzburg<\/span><\/em>Barbara Schwarz-Raminger (geb. 1966) studierte an der Universit\u00e4t Salzburg Musikwissenschaft und Germanistik und arbeitete bereits w\u00e4hrend des Studiums an der damaligen Hochschulbibliothek Mozarteum mit. Seit dieser Zeit hat sie alle Stationen der bibliothekarischen Arbeitsbereiche durchlaufen. Nach der Absolvierung der Grundausbildung f\u00fcr den Bibliotheks-, Informations- und Dokumentationsdienst war sie auch als Vortragende bei Brainpool-Seminaren und als Lehrbeauftragte am Fachhochschulstudiengang Informationsberufe in Eisenstadt zum Bereich Musik-, Kunst- und Mediendokumentation t\u00e4tig.<br \/>\nSeit Mai 2018 ist Schwarz-Raminger Leiterin der Universit\u00e4tsbibliothek Mozarteum.<\/p>\n<p class=\"italicSmall\"><em>UB der Universit\u00e4t Mozarteum Salzburg<\/em><br \/>\n<em>Mirabellplatz 1, 5020 Salzburg<\/em><br \/>\n<em>T: +43-662-6198-4020<\/em><br \/>\n<em><a href=\"mailto:barbara.raminger@moz.ac.at\">barbara.raminger@moz.ac.at<\/a><\/em><\/p>\n<p class=\"italicSmall\"><em>Skills:\u00a0 Personalf\u00fchrung, Personalplanung<\/em><\/p>\n<\/td>\n<\/tr>\n<tr style=\"height: 661px;\">\n<td style=\"width: 21.8519%; height: 661px;\"><\/td>\n<td style=\"width: 77.9012%; height: 661px;\"><em>Mozarteum University Salzburg<\/em><\/p>\n<p>Barbara Schwarz-Raminger (born 1966) studied musicology and German at the University of Salzburg and was already working at the Mozarteum University Library during her studies. Since that time she has passed through all stations of the library work areas. After completing the basic training for the library, information and documentation service, she also worked as a lecturer at Brainpool seminars and as a lecturer at the technical college course in information professions in Eisenstadt in the field of music, art and media documentation.<\/p>\n<p>Schwarz-Raminger has been head of the Mozarteum University Library since May 2018.<\/p>\n<p><em>University Library \u2013 Mozarteum University Salzburg<\/em> <em>Mirabellplatz 1, A-5020 Salzburg<\/em><em>Tel. +43\u00a0662 6198 4020<\/em><br \/>\n<em><a href=\"mailto:barbara.raminger@moz.ac.at\">barbara.raminger@moz.ac.at<\/a><\/em><\/p>\n<p><em>Skills: personnel management, staff planning<\/em><\/p>\n<p><em><span class=\"italicSmall\">\u00a0<\/span><\/em><\/td>\n<\/tr>\n<\/tbody>\n<\/table>\n","protected":false},"excerpt":{"rendered":"<p>Universit\u00e4t Mozarteum SalzburgBarbara Schwarz-Raminger (geb. 1966) studierte an der Universit\u00e4t Salzburg Musikwissenschaft und Germanistik und arbeitete bereits w\u00e4hrend des Studiums<\/p>\n","protected":false},"author":1,"featured_media":0,"parent":0,"menu_order":0,"comment_status":"closed","ping_status":"closed","template":"","meta":[],"_links":{"self":[{"href":"https:\/\/ubifo.at\/en\/wp-json\/wp\/v2\/pages\/714"}],"collection":[{"href":"https:\/\/ubifo.at\/en\/wp-json\/wp\/v2\/pages"}],"about":[{"href":"https:\/\/ubifo.at\/en\/wp-json\/wp\/v2\/types\/page"}],"author":[{"embeddable":true,"href":"https:\/\/ubifo.at\/en\/wp-json\/wp\/v2\/users\/1"}],"replies":[{"embeddable":true,"href":"https:\/\/ubifo.at\/en\/wp-json\/wp\/v2\/comments?post=714"}],"version-history":[{"count":2,"href":"https:\/\/ubifo.at\/en\/wp-json\/wp\/v2\/pages\/714\/revisions"}],"predecessor-version":[{"id":734,"href":"https:\/\/ubifo.at\/en\/wp-json\/wp\/v2\/pages\/714\/revisions\/734"}],"wp:attachment":[{"href":"https:\/\/ubifo.at\/en\/wp-json\/wp\/v2\/media?parent=714"}],"curies":[{"name":"wp","href":"https:\/\/api.w.org\/{rel}","templated":true}]}}