{"id":716,"date":"2024-06-04T10:58:11","date_gmt":"2024-06-04T08:58:11","guid":{"rendered":"https:\/\/ubifo.at\/?page_id=716"},"modified":"2024-06-04T10:58:11","modified_gmt":"2024-06-04T08:58:11","slug":"mag-michael-staudinger","status":"publish","type":"page","link":"https:\/\/ubifo.at\/en\/mag-michael-staudinger\/","title":{"rendered":"Mag. Michael Staudinger"},"content":{"rendered":"<table class=\" alignleft\" border=\"0\" cellspacing=\"0\" cellpadding=\"0\">\n<tbody>\n<tr style=\"height: 692px;\">\n<td style=\"height: 636px; width: 21.8519%;\" align=\"left\" valign=\"top\" height=\"281\"><img loading=\"lazy\" class=\"alignnone size-full wp-image-164\" src=\"http:\/\/ubifo.at\/wp-content\/uploads\/2018\/11\/staudinger.jpg\" alt=\"staudinger\" width=\"105\" height=\"140\" \/><\/td>\n<td style=\"height: 636px; width: 77.9012%;\" align=\"left\" valign=\"top\"><em><span class=\"italicSmall\">Universit\u00e4t f\u00fcr Musik und darstellende Kunst Wien<\/span><\/em><span class=\"text\">Michael Staudinger (geb.\u00a0 1970) studierte Musikwissenschaft, Romanistik und \u00dcbersetzungswissenschaften (Universit\u00e4t Wien und Universit\u00e0 degli studi in Bologna \/ Italien) und absolvierte die Ausbildung f\u00fcr den gehobenen Bibliotheks- und Informationsdienst.<br \/>\nNach dem Studium war er bei der \u00d6sterreichischen Musikzeitschrift sowie im Archiv des Wiener Konzerthauses besch\u00e4ftigt und hatte Lehrauftr\u00e4ge am Institut f\u00fcr Musikwissenschaft der Universit\u00e4t Wien sowie an der Musikuniversit\u00e4t Wien. <\/span><\/p>\n<p class=\"text\">Seit April 2001 ist Staudinger stellvertretender Leiter und seit Juli 2011 Leiter der Universit\u00e4tsbibliothek der Universit\u00e4t f\u00fcr Musik und darstellende Kunst Wien.<\/p>\n<p class=\"italicSmall\"><em>UB der Universit\u00e4t f\u00fcr Musik und darstellende Kunst Wien<\/em><br \/>\n<em>Anton-von-Webern-Platz 1, 1030 Wien<\/em><br \/>\n<em>T: +43-71155-8100<\/em><br \/>\n<em><a href=\"mailto:staudinger@mdw.ac.at\">staudinger@mdw.ac.at<\/a><\/em><\/p>\n<p><em>Skills: Universit\u00e4tsverlag, Open Access<\/em><\/p>\n<p><strong>Vertretung M\u00e4rz 2024 bis September 2024:<\/strong><\/p>\n<p><strong>Christoph Steiger<\/strong><br \/>\n<em>T: +43-71155-8111<br \/>\n<a href=\"mailto:steiger@mdw.ac.at\">steiger@mdw.ac.at<\/a><\/em><\/td>\n<\/tr>\n<tr>\n<td style=\"width: 21.8519%;\"><\/td>\n<td style=\"width: 77.9012%;\"><span class=\"bold\"><strong>Mag. Michael Staudinger<\/strong><\/span><br \/>\n<em>University of Music and Performing Arts Vienna<\/em>Michael Staudinger (born in 1970) studied Musicology, Romance Studies and Translation Studies (University of Vienna and the University of Bologna in Italy) and completed the advanced Library and Information Service training. On completing his studies, he was employed by the music journal, the \u00d6sterreichische Musikzeitschrift and at the Archive of the Wiener Konzerthaus and lectured at the Institute for Musicology at the University of Vienna.Staudinger has been Assistant Head since April 2001 and since July 2011 Head of the University Library of the University of Music and Performing Arts Vienna.<\/p>\n<p><em>University Library \u2013 University of Music and Performing Arts Vienna<\/em> <em>Anton-von-Webern-Platz 1, A-1030 Vienna<\/em><br \/>\n<em>Tel. +43 1 71155 8100<\/em><br \/>\n<em><a href=\"mailto:staudinger@mdw.ac.at\">staudinger@mdw.ac.at<\/a><\/em><\/p>\n<p><em>Skills: University Press, Open Access<\/em><\/p>\n<p><strong>Representation March to September 2024:<\/strong><\/p>\n<p><strong>Christoph Steiger<\/strong><br \/>\n<em>T: +43-71155-8111<br \/>\n<a href=\"mailto:steiger@mdw.ac.at\">steiger@mdw.ac.at<\/a><\/em><\/p>\n<p><em><span class=\"italicSmall\">\u00a0<\/span><\/em><\/td>\n<\/tr>\n<\/tbody>\n<\/table>\n","protected":false},"excerpt":{"rendered":"<p>Universit\u00e4t f\u00fcr Musik und darstellende Kunst WienMichael Staudinger (geb.\u00a0 1970) studierte Musikwissenschaft, Romanistik und \u00dcbersetzungswissenschaften (Universit\u00e4t Wien und Universit\u00e0 degli<\/p>\n","protected":false},"author":1,"featured_media":0,"parent":0,"menu_order":0,"comment_status":"closed","ping_status":"closed","template":"","meta":[],"_links":{"self":[{"href":"https:\/\/ubifo.at\/en\/wp-json\/wp\/v2\/pages\/716"}],"collection":[{"href":"https:\/\/ubifo.at\/en\/wp-json\/wp\/v2\/pages"}],"about":[{"href":"https:\/\/ubifo.at\/en\/wp-json\/wp\/v2\/types\/page"}],"author":[{"embeddable":true,"href":"https:\/\/ubifo.at\/en\/wp-json\/wp\/v2\/users\/1"}],"replies":[{"embeddable":true,"href":"https:\/\/ubifo.at\/en\/wp-json\/wp\/v2\/comments?post=716"}],"version-history":[{"count":2,"href":"https:\/\/ubifo.at\/en\/wp-json\/wp\/v2\/pages\/716\/revisions"}],"predecessor-version":[{"id":744,"href":"https:\/\/ubifo.at\/en\/wp-json\/wp\/v2\/pages\/716\/revisions\/744"}],"wp:attachment":[{"href":"https:\/\/ubifo.at\/en\/wp-json\/wp\/v2\/media?parent=716"}],"curies":[{"name":"wp","href":"https:\/\/api.w.org\/{rel}","templated":true}]}}