{"id":718,"date":"2024-06-04T10:58:28","date_gmt":"2024-06-04T08:58:28","guid":{"rendered":"https:\/\/ubifo.at\/?page_id=718"},"modified":"2024-06-04T10:58:28","modified_gmt":"2024-06-04T08:58:28","slug":"mag-pamela-stuckler","status":"publish","type":"page","link":"https:\/\/ubifo.at\/en\/mag-pamela-stuckler\/","title":{"rendered":"Mag. Pamela St\u00fcckler"},"content":{"rendered":"<table class=\" alignleft\" style=\"width: 100%; height: 1053px;\" border=\"0\" cellspacing=\"0\" cellpadding=\"0\">\n<tbody>\n<tr style=\"height: 607px;\">\n<td style=\"height: 508px; text-align: left; vertical-align: top; width: 21.8519%;\"><img loading=\"lazy\" class=\"alignnone wp-image-583\" src=\"https:\/\/ubifo.at\/wp-content\/uploads\/2023\/08\/210719_pamela_stueckler_web-12_SW-215x300.jpg\" alt=\"\" width=\"105\" height=\"146\" srcset=\"https:\/\/ubifo.at\/wp-content\/uploads\/2023\/08\/210719_pamela_stueckler_web-12_SW-215x300.jpg 215w, https:\/\/ubifo.at\/wp-content\/uploads\/2023\/08\/210719_pamela_stueckler_web-12_SW-735x1024.jpg 735w, https:\/\/ubifo.at\/wp-content\/uploads\/2023\/08\/210719_pamela_stueckler_web-12_SW-768x1070.jpg 768w, https:\/\/ubifo.at\/wp-content\/uploads\/2023\/08\/210719_pamela_stueckler_web-12_SW.jpg 861w\" sizes=\"(max-width: 105px) 100vw, 105px\" \/><\/td>\n<td style=\"height: 508px; width: 77.9012%;\"><span class=\"bold\"><strong>Mag. Pamela St\u00fcckler<br \/>\n<\/strong><em><span class=\"italicSmall\">Universit\u00e4t Graz<\/span><\/em><strong><br \/>\n<\/strong><\/span>Pamela St\u00fcckler (geb. 1973) studierte Germanistik und Theater-, Film- und Medienwissenschaften und absolvierte 2004-2005 den ULG Library and Information Studies. Sie war von 1998-2021 Mitarbeiterin der Universit\u00e4tsbibliothek Wien und leitete dort zuletzt die Abteilungen \u00d6ffentlichkeitsarbeit, Digitalisierung und Alte und wertvolle Best\u00e4nde. Daneben ist sie als Vortragende u.a. im ULG LIS t\u00e4tig und engagiert sich seit vielen Jahren in der Vereinigung \u00d6sterreichischer Bibliothekarinnen und Bibliothekare, deren Vizepr\u00e4sidentin sie seit 2019 ist. Seit Juni 2021 leitet sie die Universit\u00e4tsbibliothek Graz.<\/p>\n<p class=\"italicSmall\"><em>UB der Universit\u00e4t Graz<\/em><br \/>\n<em>Universit\u00e4tsplatz 3a, 8010 Graz<\/em><br \/>\n<em>T: +43\u00a0(0) 316 380 &#8211; 3101<\/em><br \/>\n<em><a href=\"mailto:pamela.stueckler@uni-graz.at\">pamela.stueckler@uni-graz.at<\/a><\/em><\/p>\n<\/td>\n<\/tr>\n<tr style=\"height: 545px;\">\n<td style=\"text-align: left; vertical-align: top; width: 21.8519%; height: 545px;\"><\/td>\n<td style=\"width: 77.9012%; height: 545px;\"><span class=\"bold\"><em><span class=\"italicSmall\">University of Graz<\/span><\/em><strong><br \/>\n<\/strong><\/span>Pamela St\u00fcckler (born 1973) studied German and theater, film and media studies and graduated from the ULG Library and Information Studies from 2004-2005. From 1998-2021 she worked at the Vienna University Library, where she most recently headed the public relations, digitization and old and valuable collections departments. She is also a lecturer at the ULG LIS and has been involved for many years in the Association of Austrian Librarians, of which she has been Vice President since 2019. She has been head of the Graz University Library since June 2021<\/p>\n<p class=\"italicSmall\"><em>UB der Universit\u00e4t Graz<\/em><br \/>\n<em>Universit\u00e4tsplatz 3a, 8010 Graz<\/em><br \/>\n<em>T: +43\u00a0(0) 316 380 \u2013 3101<\/em><br \/>\n<em><a href=\"mailto:pamela.stueckler@uni-graz.at\">pamela.stueckler@uni-graz.at<\/a><\/em><\/p>\n<p><span class=\"bold\"><strong>\u00a0<\/strong><\/span><\/td>\n<\/tr>\n<\/tbody>\n<\/table>\n","protected":false},"excerpt":{"rendered":"<p>Mag. Pamela St\u00fcckler Universit\u00e4t Graz Pamela St\u00fcckler (geb. 1973) studierte Germanistik und Theater-, Film- und Medienwissenschaften und absolvierte 2004-2005 den<\/p>\n","protected":false},"author":1,"featured_media":0,"parent":0,"menu_order":0,"comment_status":"closed","ping_status":"closed","template":"","meta":[],"_links":{"self":[{"href":"https:\/\/ubifo.at\/en\/wp-json\/wp\/v2\/pages\/718"}],"collection":[{"href":"https:\/\/ubifo.at\/en\/wp-json\/wp\/v2\/pages"}],"about":[{"href":"https:\/\/ubifo.at\/en\/wp-json\/wp\/v2\/types\/page"}],"author":[{"embeddable":true,"href":"https:\/\/ubifo.at\/en\/wp-json\/wp\/v2\/users\/1"}],"replies":[{"embeddable":true,"href":"https:\/\/ubifo.at\/en\/wp-json\/wp\/v2\/comments?post=718"}],"version-history":[{"count":2,"href":"https:\/\/ubifo.at\/en\/wp-json\/wp\/v2\/pages\/718\/revisions"}],"predecessor-version":[{"id":745,"href":"https:\/\/ubifo.at\/en\/wp-json\/wp\/v2\/pages\/718\/revisions\/745"}],"wp:attachment":[{"href":"https:\/\/ubifo.at\/en\/wp-json\/wp\/v2\/media?parent=718"}],"curies":[{"name":"wp","href":"https:\/\/api.w.org\/{rel}","templated":true}]}}