{"id":787,"date":"2025-11-11T13:33:09","date_gmt":"2025-11-11T12:33:09","guid":{"rendered":"https:\/\/ubifo.at\/?page_id=787"},"modified":"2025-11-11T13:33:09","modified_gmt":"2025-11-11T12:33:09","slug":"ursula-gschlacht","status":"publish","type":"page","link":"https:\/\/ubifo.at\/en\/ursula-gschlacht\/","title":{"rendered":"Ursula Gschlacht"},"content":{"rendered":"<table border=\"0\" cellspacing=\"0\" cellpadding=\"0\">\n<tbody>\n<tr style=\"height: 10px;\">\n<td style=\"height: 10px; width: 20.987654%;\" align=\"left\" valign=\"top\"><img loading=\"lazy\" class=\"alignnone size-full wp-image-788\" src=\"https:\/\/ubifo.at\/wp-content\/uploads\/2025\/11\/Gschlacht.jpg\" alt=\"\" width=\"105\" height=\"140\" \/><\/td>\n<td style=\"height: 10px; width: 78.765432%;\" align=\"left\" valign=\"top\">\n<p style=\"font-weight: 400;\"><em>Universit\u00e4t f\u00fcr angewandte Kunst Wien<\/em><br \/>\nUrsula Gschlacht (geb. Berner 1974) studierte Kunstgeschichte an der Universit\u00e4t Wien. 2003\/04 absolvierte sie den Lehrgang f\u00fcr Dokumentation und Information an der \u00d6GDI, 2009: Zertifikatskurs Digitales Sammlungsmanagement (Universit\u00e4t f\u00fcr Weiterbildung Krems), 2020\/21: Universit\u00e4tskurs Data Librarian (Universit\u00e4t Innsbruck). Ab 2002 arbeitete sie im Bibliotheks- und Archivbereich in verschiedenen \u00f6sterreichischen Einrichtungen (Albertina, FH Campus Wien, \u00d6sterreichische Mediathek). An der Universit\u00e4tsbibliothek der Universit\u00e4t f\u00fcr angewandte Kunst Wien ist sie seit 2009 in verschiedenen Projekten und T\u00e4tigkeitsfeldern besch\u00e4ftigt (Zeitschriftenverwaltung, Repositorienmanagement und Langzeitarchivierung, Lehrlingsbetreuung; Projekte: d_lia, Neusystematisierung nach RVK). Seit Mai 2024 geteilte Leitung gemeinsam mit Johanna Totschnig (Mai \u2013 September 2024 interimistisch).<\/p>\n<p style=\"font-weight: 400;\"><em>Universit\u00e4t f\u00fcr angewandte Kunst Wien<\/em><br \/>\n<em>Vordere Zollamtsstra\u00dfe 7 DG, 1010 Wien<\/em><br \/>\n<em>Tel.: +431711332263<\/em><br \/>\n<em><a href=\"mailto:ursula.gschlacht@uni-ak.ac.at\">ursula.gschlacht@uni-ak.ac.at<\/a><\/em><\/p>\n<\/td>\n<\/tr>\n<tr>\n<td style=\"width: 20.987654%;\"><\/td>\n<td style=\"width: 78.765432%;\">\n<p style=\"font-weight: 400;\"><em>University of Applied Arts Vienna<\/em><\/p>\n<p style=\"font-weight: 400;\">Ursula Gschlacht (n\u00e9e Berner, born 1974) studied art history at the University of Vienna. In 2003\/04, she completed the course in Documentation and Information at the \u00d6GDI, in 2009: Certificate course in Digital Collection Management (University for Continuing Education Krems), in 2020\/21: University course in Data Librarian (University of Innsbruck). Since 2002, she has worked in the library and archive sector at various Austrian institutions (Albertina, FH Campus Wien, Austrian Media Library). Since 2009, she has been involved in various projects and areas of activity at the University Library of the University of Applied Arts Vienna (journal management, repository management and long-term archiving, apprentice supervision; projects: d_lia, reorganisation according to RVK). Since May 2024, she has shared management responsibilities with Johanna Totschnig (May \u2013 September 2024 on an interim basis).<\/p>\n<p><em>University of Applied Arts Vienna<\/em><br \/>\n<em>Vordere Zollamtsstra\u00dfe 7 DG, 1010 Vienna<\/em><br \/>\n<em>Tel.: +431711332263<\/em><br \/>\n<em><a href=\"mailto:ursula.gschlacht@uni-ak.ac.at\">ursula.gschlacht@uni-ak.ac.at<\/a><\/em><\/td>\n<\/tr>\n<\/tbody>\n<\/table>\n","protected":false},"excerpt":{"rendered":"<p>Universit\u00e4t f\u00fcr angewandte Kunst Wien Ursula Gschlacht (geb. Berner 1974) studierte Kunstgeschichte an der Universit\u00e4t Wien. 2003\/04 absolvierte sie den<\/p>\n","protected":false},"author":1,"featured_media":0,"parent":0,"menu_order":0,"comment_status":"closed","ping_status":"closed","template":"","meta":[],"_links":{"self":[{"href":"https:\/\/ubifo.at\/en\/wp-json\/wp\/v2\/pages\/787"}],"collection":[{"href":"https:\/\/ubifo.at\/en\/wp-json\/wp\/v2\/pages"}],"about":[{"href":"https:\/\/ubifo.at\/en\/wp-json\/wp\/v2\/types\/page"}],"author":[{"embeddable":true,"href":"https:\/\/ubifo.at\/en\/wp-json\/wp\/v2\/users\/1"}],"replies":[{"embeddable":true,"href":"https:\/\/ubifo.at\/en\/wp-json\/wp\/v2\/comments?post=787"}],"version-history":[{"count":1,"href":"https:\/\/ubifo.at\/en\/wp-json\/wp\/v2\/pages\/787\/revisions"}],"predecessor-version":[{"id":789,"href":"https:\/\/ubifo.at\/en\/wp-json\/wp\/v2\/pages\/787\/revisions\/789"}],"wp:attachment":[{"href":"https:\/\/ubifo.at\/en\/wp-json\/wp\/v2\/media?parent=787"}],"curies":[{"name":"wp","href":"https:\/\/api.w.org\/{rel}","templated":true}]}}