{"id":791,"date":"2025-11-11T13:43:41","date_gmt":"2025-11-11T12:43:41","guid":{"rendered":"https:\/\/ubifo.at\/?page_id=791"},"modified":"2025-11-11T13:43:41","modified_gmt":"2025-11-11T12:43:41","slug":"johanna-totschnig","status":"publish","type":"page","link":"https:\/\/ubifo.at\/en\/johanna-totschnig\/","title":{"rendered":"Johanna Totschnig"},"content":{"rendered":"<table style=\"width: 100%; height: 429px;\" border=\"0\" cellspacing=\"0\" cellpadding=\"0\">\n<tbody>\n<tr style=\"height: 10px;\">\n<td style=\"height: 10px; width: 20.987654%;\" align=\"left\" valign=\"top\"><\/td>\n<td style=\"height: 10px; width: 78.765432%;\" align=\"left\" valign=\"top\">\n<p style=\"font-weight: 400;\"><em>Universit\u00e4t f\u00fcr angewandte Kunst Wien<\/em><br \/>\nJohanna Totschnig (geb. 1966) studierte Geschichte und Kunstgeschichte in Innsbruck und Wien und Lehramt Germanistik und Hispanistik in Wien und ist seit 1997 an der Universit\u00e4tsbibliothek der Universit\u00e4t f\u00fcr angewandte Kunst Wien in verschiedenen Funktionen (Systembibliothekarin, Sacherschlie\u00dfung, Teamleitung Medienbearbeitung, Teamleitung Digitale Bibliothek) besch\u00e4ftigt. Sie absolvierte den Grundausbildungslehrgang f\u00fcr die Verwendungsgruppe A1 \u2013 Bibliotheks-, Informations- und Dokumentationsdienst an der \u00d6sterreichischen Nationalbibliothek. Im Mai 2024 \u00fcbernahm sie gemeinsam mit Ursula Gschlacht die Leitung der Universit\u00e4tsbibliothek (Mai \u2013 September 2024 interimistisch).<\/p>\n<p><em>Universit\u00e4t f\u00fcr angewandte Kunst Wien<\/em><br \/>\n<em>Vordere Zollamtsstra\u00dfe 7 DG, 1010 Wien<\/em><br \/>\n<em>Tel.: +431711332260<\/em><br \/>\n<em><a href=\"mailto:johanna.totschnig@uni-ak.ac.at\" target=\"_blank\" rel=\"noopener noreferrer\">johanna.totschnig@uni-ak.ac.at<\/a><\/em><\/td>\n<\/tr>\n<tr style=\"height: 598px;\">\n<td style=\"width: 20.987654%; height: 419px;\"><\/td>\n<td style=\"width: 78.765432%; height: 419px;\">\n<p style=\"font-weight: 400;\"><em>University of Applied Arts Vienna<\/em><br \/>\nJohanna Totschnig (born 1966) studied history and art history in Innsbruck and Vienna and German and Spanish language and literature in Vienna. Since 1997, she has held various positions at the University Library of the University of Applied Arts Vienna (system librarian, subject indexing, team leader for media processing, team leader for the digital library). She completed the basic training course for employment group A1 \u2013 Library, Information and Documentation Services at the Austrian National Library. In May 2024, she took over the management of the University Library together with Ursula Gschlacht (May \u2013 September 2024 on an interim basis).<\/p>\n<p><em>University of Applied Arts Vienna<\/em><br \/>\n<em>Vordere Zollamtsstra\u00dfe 7 DG, 1010 Wien<\/em><br \/>\n<em>Tel.: +431711332260<\/em><br \/>\n<em><a href=\"mailto:johanna.totschnig@uni-ak.ac.at\" target=\"_blank\" rel=\"noopener noreferrer\">johanna.totschnig@uni-ak.ac.at<\/a><\/em><\/td>\n<\/tr>\n<\/tbody>\n<\/table>\n","protected":false},"excerpt":{"rendered":"<p>Universit\u00e4t f\u00fcr angewandte Kunst Wien Johanna Totschnig (geb. 1966) studierte Geschichte und Kunstgeschichte in Innsbruck und Wien und Lehramt Germanistik<\/p>\n","protected":false},"author":1,"featured_media":0,"parent":0,"menu_order":0,"comment_status":"closed","ping_status":"closed","template":"","meta":[],"_links":{"self":[{"href":"https:\/\/ubifo.at\/en\/wp-json\/wp\/v2\/pages\/791"}],"collection":[{"href":"https:\/\/ubifo.at\/en\/wp-json\/wp\/v2\/pages"}],"about":[{"href":"https:\/\/ubifo.at\/en\/wp-json\/wp\/v2\/types\/page"}],"author":[{"embeddable":true,"href":"https:\/\/ubifo.at\/en\/wp-json\/wp\/v2\/users\/1"}],"replies":[{"embeddable":true,"href":"https:\/\/ubifo.at\/en\/wp-json\/wp\/v2\/comments?post=791"}],"version-history":[{"count":2,"href":"https:\/\/ubifo.at\/en\/wp-json\/wp\/v2\/pages\/791\/revisions"}],"predecessor-version":[{"id":793,"href":"https:\/\/ubifo.at\/en\/wp-json\/wp\/v2\/pages\/791\/revisions\/793"}],"wp:attachment":[{"href":"https:\/\/ubifo.at\/en\/wp-json\/wp\/v2\/media?parent=791"}],"curies":[{"name":"wp","href":"https:\/\/api.w.org\/{rel}","templated":true}]}}