{"id":86,"date":"2018-11-02T18:26:53","date_gmt":"2018-11-02T17:26:53","guid":{"rendered":"https:\/\/ubifo.wordpress.com\/literature\/"},"modified":"2018-11-02T18:26:53","modified_gmt":"2018-11-02T17:26:53","slug":"literature","status":"publish","type":"page","link":"https:\/\/ubifo.at\/en\/literature\/","title":{"rendered":"Literature"},"content":{"rendered":"<p class=\"text\">Deborah Shorley, Daryl Yang, Brigitte Kromp, Wolfgang Mayer: <span class=\"italic\">Collections Earning Their Keep. An Overview of International Archiving Initiatives.<\/span> In: 027.7 Zeitschrift f\u00fcr Bibliothekskultur 3.2015, 1, pp. 30-46 (<a class=\"text\" href=\"http:\/\/dx.doi.org\/10.12685\/027.7-3-1-58\" target=\"_blank\" rel=\"noopener noreferrer\">DOI: 10.12685\/027.7-3-1-58<\/a>)<br \/>\n<img loading=\"lazy\" class=\"alignnone size-full wp-image-150\" src=\"http:\/\/ubifo.at\/wp-content\/uploads\/2018\/11\/oa.jpg\" alt=\"oa\" width=\"13\" height=\"17\" \/><\/p>\n<p class=\"text\">Brigitte Kromp, Wolfgang Mayer: <span class=\"italic\">Gemeinsame Archivierung an den \u00f6sterreichischen Universit\u00e4tsbibliotheken: Neues Geld statt altem Raum. <\/span>In: Bruno Bauer (Hg.): Universit\u00e4tsbibliotheken im Fokus. Aufgaben und Perspektiven der Universit\u00e4tsbibliotheken an \u00f6ffentlichen Universit\u00e4ten in \u00d6sterreich (=Schriften der Vereinigung \u00d6sterreichischer Bibliothekarinnen und Bibliothekare (V\u00d6B) 13), pp. 87-98. Graz: Neugebauer, 2013 (<a class=\"text\" href=\"http:\/\/hdl.handle.net\/10760\/24282\" target=\"_blank\" rel=\"noopener noreferrer\">http:\/\/hdl.handle.net\/10760\/24282<\/a>)<br \/>\n<img loading=\"lazy\" class=\"alignnone size-full wp-image-150\" src=\"http:\/\/ubifo.at\/wp-content\/uploads\/2018\/11\/oa.jpg\" alt=\"oa\" width=\"13\" height=\"17\" \/><\/p>\n<p class=\"text\">Brigitte Kromp, Wolfgang Mayer: <span class=\"italic\">Shared Archiving as a Chance to Acquire Fresh Money for Collection Development.<\/span> World Library and Information Congress: 77th IFLA General Conference and Assembly, San Juan, Puerto Rico, 13-18 August 2011. <a class=\"text\" href=\"http:\/\/conference.ifla.org\/past-wlic\/2011\/113-kromp-en.pdf\" target=\"_blank\" rel=\"noopener noreferrer\">(http:\/\/conference.ifla.org\/past-wlic\/2011\/113-kromp-en.pdf<\/a>)<br \/>\n<img loading=\"lazy\" class=\"alignnone size-full wp-image-150\" src=\"http:\/\/ubifo.at\/wp-content\/uploads\/2018\/11\/oa.jpg\" alt=\"oa\" width=\"13\" height=\"17\" \/><\/p>\n","protected":false},"excerpt":{"rendered":"<p>Deborah Shorley, Daryl Yang, Brigitte Kromp, Wolfgang Mayer: Collections Earning Their Keep. An Overview of International Archiving Initiatives. In: 027.7<\/p>\n","protected":false},"author":1,"featured_media":0,"parent":0,"menu_order":0,"comment_status":"closed","ping_status":"closed","template":"","meta":[],"_links":{"self":[{"href":"https:\/\/ubifo.at\/en\/wp-json\/wp\/v2\/pages\/86"}],"collection":[{"href":"https:\/\/ubifo.at\/en\/wp-json\/wp\/v2\/pages"}],"about":[{"href":"https:\/\/ubifo.at\/en\/wp-json\/wp\/v2\/types\/page"}],"author":[{"embeddable":true,"href":"https:\/\/ubifo.at\/en\/wp-json\/wp\/v2\/users\/1"}],"replies":[{"embeddable":true,"href":"https:\/\/ubifo.at\/en\/wp-json\/wp\/v2\/comments?post=86"}],"version-history":[{"count":0,"href":"https:\/\/ubifo.at\/en\/wp-json\/wp\/v2\/pages\/86\/revisions"}],"wp:attachment":[{"href":"https:\/\/ubifo.at\/en\/wp-json\/wp\/v2\/media?parent=86"}],"curies":[{"name":"wp","href":"https:\/\/api.w.org\/{rel}","templated":true}]}}